{"id":997,"date":"2017-09-13T20:07:56","date_gmt":"2017-09-13T20:07:56","guid":{"rendered":"http:\/\/cytogenomic2.tredy.online\/administration\/"},"modified":"2018-03-12T21:40:26","modified_gmt":"2018-03-12T21:40:26","slug":"administration","status":"publish","type":"page","link":"https:\/\/friendshc.org\/ro\/administration\/","title":{"rendered":"Administrativ"},"content":{"rendered":"<div data-vc-full-width=\"true\" data-vc-full-width-init=\"false\" data-vc-stretch-content=\"true\" class=\"vc_row wpb_row vc_row-fluid vc_custom_1500496637377 vc_row-has-fill vc_row-no-padding\"><div class=\"wpb_column vc_column_container vc_col-sm-12\"><div class=\"vc_column-inner\"><div class=\"wpb_wrapper\"><\/div><\/div><\/div><\/div><div class=\"vc_row-full-width vc_clearfix\"><\/div><div id=\"trsectionRO\" data-vc-full-width=\"true\" data-vc-full-width-init=\"false\" data-vc-stretch-content=\"true\" class=\"vc_row wpb_row vc_row-fluid vc_row-o-content-middle vc_row-flex\"><div class=\"wpb_column vc_column_container vc_col-sm-3\"><div class=\"vc_column-inner\"><div class=\"wpb_wrapper\"><\/div><\/div><\/div><div class=\"wpb_column vc_column_container vc_col-sm-6\"><div class=\"vc_column-inner\"><div class=\"wpb_wrapper\"><h2 style=\"text-align: center\" class=\"vc_custom_heading\" >Administrativ<\/h2>\n\t<div  class=\"wpb_single_image wpb_content_element vc_align_center  vc_custom_1499522494251\">\n\t\t\n\t\t<figure class=\"wpb_wrapper vc_figure\">\n\t\t\t<div class=\"vc_single_image-wrapper   vc_box_border_grey\"><img width=\"116\" height=\"23\" src=\"https:\/\/friendshc.org\/wp-content\/uploads\/2017\/05\/Text-separator-floral-lauri.png\" class=\"vc_single_image-img attachment-full\" alt=\"\" loading=\"lazy\" title=\"Text separator floral lauri\" srcset=\"https:\/\/friendshc.org\/wp-content\/uploads\/2017\/05\/Text-separator-floral-lauri.png 116w, https:\/\/friendshc.org\/wp-content\/uploads\/2017\/05\/Text-separator-floral-lauri-50x10.png 50w\" sizes=\"(max-width: 116px) 100vw, 116px\" \/><\/div>\n\t\t<\/figure>\n\t<\/div>\n<div class=\"vc_empty_space\"   style=\"height: 32px\"><span class=\"vc_empty_space_inner\"><\/span><\/div><\/div><\/div><\/div><div class=\"wpb_column vc_column_container vc_col-sm-3\"><div class=\"vc_column-inner\"><div class=\"wpb_wrapper\"><\/div><\/div><\/div><\/div><div class=\"vc_row-full-width vc_clearfix\"><\/div><div id=\"transparencyRO\" data-vc-full-width=\"true\" data-vc-full-width-init=\"false\" data-vc-stretch-content=\"true\" class=\"vc_row wpb_row vc_row-fluid vc_custom_1509404394813 vc_row-has-fill\"><div class=\"wpb_column vc_column_container vc_col-sm-12\"><div class=\"vc_column-inner\"><div class=\"wpb_wrapper\"><div class=\"vc_row wpb_row vc_inner vc_row-fluid\"><div class=\"wpb_column vc_column_container vc_col-sm-2\"><div class=\"vc_column-inner\"><div class=\"wpb_wrapper\"><\/div><\/div><\/div><div class=\"wpb_column vc_column_container vc_col-sm-8\"><div class=\"vc_column-inner vc_custom_1500465261389\"><div class=\"wpb_wrapper\"><h4 style=\"font-size: 32px;color: #ffffff;text-align: center\" class=\"vc_custom_heading vc_custom_1509401015172\" >Transparen\u0163\u0103<br \/>\n<\/h4><\/div><\/div><\/div><div class=\"wpb_column vc_column_container vc_col-sm-2\"><div class=\"vc_column-inner\"><div class=\"wpb_wrapper\"><\/div><\/div><\/div><\/div><\/div><\/div><\/div><\/div><div class=\"vc_row-full-width vc_clearfix\"><\/div><div class=\"vc_row wpb_row vc_row-fluid vc_custom_1500467648856\"><div class=\"wpb_column vc_column_container vc_col-sm-12\"><div class=\"vc_column-inner\"><div class=\"wpb_wrapper\"><div class=\"vc_row wpb_row vc_inner vc_row-fluid vc_custom_1500497028897 vc_column-gap-10 vc_row-o-content-bottom vc_row-flex\"><div class=\"wpb_column vc_column_container vc_col-sm-3\"><div class=\"vc_column-inner\"><div class=\"wpb_wrapper\"><\/div><\/div><\/div><div class=\"wpb_column vc_column_container vc_col-sm-6 vc_col-has-fill\"><div class=\"vc_column-inner vc_custom_1500496866070\"><div class=\"wpb_wrapper\">\n\t<div class=\"wpb_text_column wpb_content_element  vc_custom_1509400985759\" >\n\t\t<div class=\"wpb_wrapper\">\n\t\t\t<h6 class=\"howtohelp\" style=\"text-align: center;\">Transparen\u0163a este un principiu fundamental al Asocia\u0163iei. Acest credo se reg\u0103se\u015fte \u00een activit\u0103\u0163ile zilnice, \u00een comunicarea cu membrii \u015fi sus\u0163in\u0103torii Asocia\u0163iei \u015fi \u00een func\u0163ionarea \u00een deplin\u0103 conformitate cu legisla\u0163ia rom\u00e2n\u0103.<\/h6>\n<h6 class=\"howtohelp\" style=\"text-align: center;\">Pentru a afla mai multe despre articole, statut, obiectivele curente pe termen scurt \u015fi gestionarea finan\u0163elor, v\u0103 invit\u0103m s\u0103 parcurge\u0163i aceast\u0103 sec\u0163iune.<\/h6>\n\n\t\t<\/div>\n\t<\/div>\n<\/div><\/div><\/div><div class=\"wpb_column vc_column_container vc_col-sm-3\"><div class=\"vc_column-inner\"><div class=\"wpb_wrapper\"><\/div><\/div><\/div><\/div><\/div><\/div><\/div><\/div><div id=\"incorporationRO\" data-vc-full-width=\"true\" data-vc-full-width-init=\"false\" data-vc-stretch-content=\"true\" class=\"vc_row wpb_row vc_row-fluid vc_custom_1509404230407 vc_row-has-fill\"><div class=\"wpb_column vc_column_container vc_col-sm-12\"><div class=\"vc_column-inner\"><div class=\"wpb_wrapper\"><div class=\"vc_row wpb_row vc_inner vc_row-fluid\"><div class=\"wpb_column vc_column_container vc_col-sm-2\"><div class=\"vc_column-inner\"><div class=\"wpb_wrapper\"><\/div><\/div><\/div><div class=\"wpb_column vc_column_container vc_col-sm-8\"><div class=\"vc_column-inner vc_custom_1500465261389\"><div class=\"wpb_wrapper\"><h4 style=\"font-size: 32px;color: #ffffff;text-align: center\" class=\"vc_custom_heading vc_custom_1509401071904\" >Documente constitutive<br \/>\n<\/h4><\/div><\/div><\/div><div class=\"wpb_column vc_column_container vc_col-sm-2\"><div class=\"vc_column-inner\"><div class=\"wpb_wrapper\"><\/div><\/div><\/div><\/div><\/div><\/div><\/div><\/div><div class=\"vc_row-full-width vc_clearfix\"><\/div><div id=\"trsubitems\" class=\"vc_row wpb_row vc_row-fluid vc_custom_1501670535031\"><div class=\"wpb_column vc_column_container vc_col-sm-12\"><div class=\"vc_column-inner\"><div class=\"wpb_wrapper\"><div class=\"vc_row wpb_row vc_inner vc_row-fluid vc_custom_1500932283775 vc_column-gap-10 vc_row-o-equal-height vc_row-flex\"><div class=\"wpb_column vc_column_container vc_col-sm-6 vc_col-has-fill\"><div class=\"vc_column-inner vc_custom_1499588785743\"><div class=\"wpb_wrapper\">\n\t<div class=\"wpb_text_column wpb_content_element \" >\n\t\t<div class=\"wpb_wrapper\">\n\t\t\t<h6 class=\"howtohelp\">Asocia\u0163ia Prietenilor Bisericii Elene a Bucure\u015ftiului a fost \u00eenfiin\u0163at\u0103 \u00een aprilie 2017 de c\u0103tre patru membri fondatori:<\/h6>\n<ul class=\"howtohelp\">\n<li>Dna. Danai Stampouli<\/li>\n<li>Dna. Ioana Valvis<\/li>\n<li>Dl. Gerasimos Vergotis<\/li>\n<li>Dl. Roccos Cosmatos.<\/li>\n<\/ul>\n\n\t\t<\/div>\n\t<\/div>\n<\/div><\/div><\/div><div class=\"wpb_column vc_column_container vc_col-sm-6 vc_col-has-fill\"><div class=\"vc_column-inner vc_custom_1499590981026\"><div class=\"wpb_wrapper\">\n\t<div class=\"wpb_text_column wpb_content_element \" >\n\t\t<div class=\"wpb_wrapper\">\n\t\t\t<h6 class=\"howtohelp\">Sediul social al Asocia\u0163iei este pus la dispozi\u0163ie f\u0103r\u0103 costuri de c\u0103tre unul dintre membri fondatori.<\/h6>\n<h6 class=\"howtohelp\">Clic <span style=\"color: #5aa1e3; text-decoration: underline; text-decoration-color: #5aa1e3;\"><strong><a href=\"http:\/\/friendshc.org\/wp-content\/uploads\/2017\/09\/FHC_ORG_20170427_Certificat-Inscriere-Persoana-Juridica.pdf\">aici <\/a><\/strong><\/span> pentru \u201cCertificat \u00censcriere Persoan\u0103 Juridic\u0103\u201d.<\/h6>\n\n\t\t<\/div>\n\t<\/div>\n<\/div><\/div><\/div><\/div><\/div><\/div><\/div><\/div><div id=\"managementRO\" data-vc-full-width=\"true\" data-vc-full-width-init=\"false\" data-vc-stretch-content=\"true\" class=\"vc_row wpb_row vc_row-fluid vc_custom_1509404240110 vc_row-has-fill\"><div class=\"wpb_column vc_column_container vc_col-sm-12\"><div class=\"vc_column-inner\"><div class=\"wpb_wrapper\"><div class=\"vc_row wpb_row vc_inner vc_row-fluid\"><div class=\"wpb_column vc_column_container vc_col-sm-2\"><div class=\"vc_column-inner\"><div class=\"wpb_wrapper\"><\/div><\/div><\/div><div class=\"wpb_column vc_column_container vc_col-sm-8\"><div class=\"vc_column-inner vc_custom_1500465261389\"><div class=\"wpb_wrapper\"><h4 style=\"font-size: 32px;color: #ffffff;text-align: center\" class=\"vc_custom_heading vc_custom_1505731378510\" >Management &amp; Control<br \/>\n<\/h4><\/div><\/div><\/div><div class=\"wpb_column vc_column_container vc_col-sm-2\"><div class=\"vc_column-inner\"><div class=\"wpb_wrapper\"><\/div><\/div><\/div><\/div><\/div><\/div><\/div><\/div><div class=\"vc_row-full-width vc_clearfix\"><\/div><div class=\"vc_row wpb_row vc_row-fluid vc_custom_1501670535031\"><div class=\"wpb_column vc_column_container vc_col-sm-12\"><div class=\"vc_column-inner\"><div class=\"wpb_wrapper\"><div class=\"vc_row wpb_row vc_inner vc_row-fluid vc_custom_1500932283775 vc_column-gap-10 vc_row-o-equal-height vc_row-flex\"><div class=\"wpb_column vc_column_container vc_col-sm-6 vc_col-has-fill\"><div class=\"vc_column-inner vc_custom_1499588785743\"><div class=\"wpb_wrapper\">\n\t<div class=\"wpb_text_column wpb_content_element \" >\n\t\t<div class=\"wpb_wrapper\">\n\t\t\t<h6 class=\"howtohelp\">Asocia\u0163ia este administrat\u0103 de c\u0103tre un Consiliu Director (CD)format din trei membri, care este controlat la r\u00e2ndul s\u0103u de c\u0103tre \u00eent\u00e2lniri ordinare sau extra-ordinare a Membrilor Asocia\u0163iei.<\/h6>\n<h6 class=\"howtohelp\">CD este ales pentru o perioad\u0103 de 3 ani. Responsabilii sunt, \u00een momentul de fa\u0163\u0103:<\/h6>\n<ul class=\"howtohelp\">\n<li><strong>Pre\u015fedinte<\/strong> \u2013 Mrs. Stampouli, Danai<\/li>\n<li><strong>Secretar<\/strong> \u2013 Mr. Cosmatos, Roccos<\/li>\n<li><strong>Trezorier<\/strong> \u2013 Mr. Vergotis, Gerasimos<\/li>\n<\/ul>\n\n\t\t<\/div>\n\t<\/div>\n<\/div><\/div><\/div><div class=\"wpb_column vc_column_container vc_col-sm-6 vc_col-has-fill\"><div class=\"vc_column-inner vc_custom_1499590981026\"><div class=\"wpb_wrapper\">\n\t<div class=\"wpb_text_column wpb_content_element \" >\n\t\t<div class=\"wpb_wrapper\">\n\t\t\t<h6 class=\"howtohelp\">Responsabilit\u0103\u0163ile de management \u015fi procedurile \u00een cadul \u00eent\u00e2lnirilor Membrilor sunt guvernate de statutul Asocia\u0163iei.<\/h6>\n<h6 class=\"howtohelp\">Societatea care asigur\u0103 contabilitatea firmei este BG Conta SRL.<\/h6>\n<h6 class=\"howtohelp\">Suntem <span style=\"color: #5aa1e3; text-decoration: underline; text-decoration-color: #5aa1e3;\"><strong><a href=\"http:\/\/friendshc.org\/ro\/volunteer\/\">\u00een c\u0103utare de voluntari <\/a><\/strong><\/span> pentru a prelua o parte din activit\u0103\u0163ile de zi cu zi care vor fi necesare pentru p\u0103strarea func\u0163ional\u0103 a bisericii, pentru a informa membrilor \u015fi donatorilor cu privire la evolu\u0163ia proiectelor, ajut\u00e2nd la materializarea obiectivelor Asocia\u0163iei.<\/h6>\n\n\t\t<\/div>\n\t<\/div>\n<\/div><\/div><\/div><\/div><\/div><\/div><\/div><\/div><div id=\"budgetRO\" data-vc-full-width=\"true\" data-vc-full-width-init=\"false\" data-vc-stretch-content=\"true\" class=\"vc_row wpb_row vc_row-fluid vc_custom_1509404249537 vc_row-has-fill\"><div class=\"wpb_column vc_column_container vc_col-sm-12\"><div class=\"vc_column-inner\"><div class=\"wpb_wrapper\"><div class=\"vc_row wpb_row vc_inner vc_row-fluid\"><div class=\"wpb_column vc_column_container vc_col-sm-2\"><div class=\"vc_column-inner\"><div class=\"wpb_wrapper\"><\/div><\/div><\/div><div class=\"wpb_column vc_column_container vc_col-sm-8\"><div class=\"vc_column-inner vc_custom_1500465261389\"><div class=\"wpb_wrapper\"><h4 style=\"font-size: 32px;color: #ffffff;text-align: center\" class=\"vc_custom_heading vc_custom_1509402016525\" >Buget actual<br \/>\n<\/h4><\/div><\/div><\/div><div class=\"wpb_column vc_column_container vc_col-sm-2\"><div class=\"vc_column-inner\"><div class=\"wpb_wrapper\"><\/div><\/div><\/div><\/div><\/div><\/div><\/div><\/div><div class=\"vc_row-full-width vc_clearfix\"><\/div><div class=\"vc_row wpb_row vc_row-fluid vc_custom_1501670535031\"><div class=\"wpb_column vc_column_container vc_col-sm-12\"><div class=\"vc_column-inner\"><div class=\"wpb_wrapper\"><div class=\"vc_row wpb_row vc_inner vc_row-fluid vc_custom_1500932283775 vc_column-gap-10 vc_row-o-equal-height vc_row-flex\"><div class=\"wpb_column vc_column_container vc_col-sm-6 vc_col-has-fill\"><div class=\"vc_column-inner vc_custom_1499588785743\"><div class=\"wpb_wrapper\">\n\t<div class=\"wpb_text_column wpb_content_element \" >\n\t\t<div class=\"wpb_wrapper\">\n\t\t\t<h6 class=\"howtohelp\">Mai mult de 80% din fonduri sunt alocate pentru a deservi scopul \u015fi obiectivele primare ale Asocia\u0163iei.<\/h6>\n<h6 class=\"howtohelp\">Soldul fondurilor acoper\u0103 \u015fi o serie de cheltuieli inevitabile \u015fi obligatorii, precum taxa de \u00eenregistrare, TVA (nedeductibil pentru Asocia\u0163ie), contabilitate \u015fi audit.<\/h6>\n<h6 class=\"howtohelp\">Primul buget pe 2017 include \u015fi c\u00e2teva cheltuieli unice cu punerea \u00een func\u0163iune \u015fi crearea cadrului de func\u0163ionare.<\/h6>\n\n\t\t<\/div>\n\t<\/div>\n<\/div><\/div><\/div><div class=\"wpb_column vc_column_container vc_col-sm-6 vc_col-has-fill\"><div class=\"vc_column-inner vc_custom_1499590981026\"><div class=\"wpb_wrapper\">\n\t<div class=\"wpb_text_column wpb_content_element \" >\n\t\t<div class=\"wpb_wrapper\">\n\t\t\t<h6 class=\"howtohelp\">Statutul reglementeaz\u0103 \u00een mod clar prioritatea cu care Asocia\u0163ia va angaja resursele sale financiare.<\/h6>\n<h6 class=\"howtohelp\">Exist\u0103 o succesiune strict\u0103 de necesit\u0103\u0163i de finan\u0163are la care Consiliul Director trebuie s\u0103 adere.<\/h6>\n<h6 class=\"howtohelp\">Aceasta reflect\u0103 \u015fi ierarhia obiectivelor FHCB:<\/h6>\n\n\t\t<\/div>\n\t<\/div>\n<\/div><\/div><\/div><\/div><\/div><\/div><\/div><\/div><div id=\"objectiveRO\" data-vc-full-width=\"true\" data-vc-full-width-init=\"false\" data-vc-stretch-content=\"true\" class=\"vc_row wpb_row vc_row-fluid vc_custom_1509404256885 vc_row-has-fill\"><div class=\"wpb_column vc_column_container vc_col-sm-12\"><div class=\"vc_column-inner\"><div class=\"wpb_wrapper\"><div class=\"vc_row wpb_row vc_inner vc_row-fluid\"><div class=\"wpb_column vc_column_container vc_col-sm-2\"><div class=\"vc_column-inner\"><div class=\"wpb_wrapper\"><\/div><\/div><\/div><div class=\"wpb_column vc_column_container vc_col-sm-8\"><div class=\"vc_column-inner vc_custom_1500465261389\"><div class=\"wpb_wrapper\"><h4 style=\"font-size: 32px;color: #ffffff;text-align: center\" class=\"vc_custom_heading vc_custom_1509402630719\" >Obiective<br \/>\n<\/h4><\/div><\/div><\/div><div class=\"wpb_column vc_column_container vc_col-sm-2\"><div class=\"vc_column-inner\"><div class=\"wpb_wrapper\"><\/div><\/div><\/div><\/div><\/div><\/div><\/div><\/div><div class=\"vc_row-full-width vc_clearfix\"><\/div><div class=\"vc_row wpb_row vc_row-fluid vc_custom_1500467648856\"><div class=\"wpb_column vc_column_container vc_col-sm-12\"><div class=\"vc_column-inner\"><div class=\"wpb_wrapper\"><div class=\"vc_row wpb_row vc_inner vc_row-fluid vc_custom_1500497028897 vc_column-gap-10 vc_row-o-content-bottom vc_row-flex\"><div class=\"wpb_column vc_column_container vc_col-sm-2\"><div class=\"vc_column-inner\"><div class=\"wpb_wrapper\"><\/div><\/div><\/div><div class=\"wpb_column vc_column_container vc_col-sm-8 vc_col-has-fill\"><div class=\"vc_column-inner vc_custom_1500496866070\"><div class=\"wpb_wrapper\">\n\t<div class=\"wpb_text_column wpb_content_element  vc_custom_1509403969482\" >\n\t\t<div class=\"wpb_wrapper\">\n\t\t\t<h4>Obiectivele Asocia\u0163iei, \u00een ordinea priorit\u0103\u0163ilor, sunt:<\/h4>\n<h6 class=\"howtohelp\">a) finan\u0163area, \u00een limitele bugetului, a anumitor cheltuieli precum<\/h6>\n<ul style=\"color: #2b2d2d; size: 18px;\">\n<li>salariul psaltului<\/li>\n<li>cur\u0103\u0163area \u015fi \u00eentre\u0163inerea bisericii \u015fi a gr\u0103dinii sale<\/li>\n<li>decora\u0163iuni \u015fi preg\u0103tiri pentru Sfintele S\u0103rb\u0103tori<\/li>\n<li>promovarea istoriei bisericii \u015fi respectarea tradi\u0163iei fondatorilor s\u0103i<\/li>\n<li>repara\u0163ii \u015fi restaurarea icoanelor<\/li>\n<\/ul>\n<h6 class=\"howtohelp\">b) ob\u0163inerea consim\u0163\u0103m\u00e2ntului Ambasadei pentru a permite oficierea Slujbelor specifice (botezuri, nun\u0163i, etc.) \u015fi pentru organizarea de evenimente legate de s\u0103rb\u0103torile bisericii;<\/h6>\n<h6 class=\"howtohelp\">c) promovarea \u015fi finan\u0163area evenimentelor sociale \u015fi culturale \u00een conformitate cu valorile bisericii, cu scopul de a \u00eenchega rela\u0163iile dintre grecii din disapora rom\u00e2n\u0103, \u015fi rela\u0163iile rom\u00e2no-grece\u015fti \u00een general;<\/h6>\n<h6 class=\"howtohelp\">d) dezvoltarea rela\u0163iilor \u00eentre biserica si\u00a0alte organiza\u0163ii \u015fi institu\u0163ii cu obiective similare;<\/h6>\n<h6 class=\"howtohelp\">e) organizarea de \u00eent\u00e2lniri \u015fi conferin\u0163e \u00een conformitate cu scopul declarat al Asocia\u0163iei;<\/h6>\n<h6 class=\"howtohelp\">f) publicarea de reviste, c\u0103r\u0163i \u015fi alte materiale informative cu privire la biseric\u0103;<\/h6>\n<h6 class=\"howtohelp\">g) organizarea de campanii de informare cu privire la activitatea bisericii.<\/h6>\n\n\t\t<\/div>\n\t<\/div>\n<\/div><\/div><\/div><div class=\"wpb_column vc_column_container vc_col-sm-2\"><div class=\"vc_column-inner\"><div class=\"wpb_wrapper\"><\/div><\/div><\/div><\/div><\/div><\/div><\/div><\/div><div data-vc-full-width=\"true\" data-vc-full-width-init=\"false\" data-vc-stretch-content=\"true\" class=\"vc_row wpb_row vc_row-fluid vc_custom_1505333696482 vc_row-has-fill vc_row-no-padding\"><div class=\"wpb_column vc_column_container vc_col-sm-12\"><div class=\"vc_column-inner\"><div class=\"wpb_wrapper\"><div class=\"vc_row wpb_row vc_inner vc_row-fluid\"><div class=\"wpb_column vc_column_container vc_col-sm-2\"><div class=\"vc_column-inner\"><div class=\"wpb_wrapper\"><\/div><\/div><\/div><div class=\"wpb_column vc_column_container vc_col-sm-8\"><div class=\"vc_column-inner vc_custom_1500465261389\"><div class=\"wpb_wrapper\"><h2 style=\"color: #ffffff;text-align: center\" class=\"vc_custom_heading vc_custom_1520890822436\" ><a href=\"http:\/\/friendshc.org\/ro\/support-fhc-general\/\">Implic\u0103-te acum<\/a><\/h2><\/div><\/div><\/div><div class=\"wpb_column vc_column_container vc_col-sm-2\"><div class=\"vc_column-inner\"><div class=\"wpb_wrapper\"><\/div><\/div><\/div><\/div><\/div><\/div><\/div><\/div><div class=\"vc_row-full-width vc_clearfix\"><\/div>\n","protected":false},"excerpt":{"rendered":"Administrativ Transparen\u0163\u0103 Transparen\u0163a este un principiu fundamental al Asocia\u0163iei. Acest credo se reg\u0103se\u015fte \u00een activit\u0103\u0163ile zilnice, \u00een comunicarea cu membrii \u015fi sus\u0163in\u0103torii Asocia\u0163iei \u015fi \u00een func\u0163ionarea<span class=\"excerpt-hellip\"> [\u2026]<\/span>","protected":false},"author":6,"featured_media":0,"parent":0,"menu_order":0,"comment_status":"closed","ping_status":"closed","template":"","meta":[],"yoast_head":"<!-- This site is optimized with the Yoast SEO plugin v20.5 - https:\/\/yoast.com\/wordpress\/plugins\/seo\/ -->\n<title>Administrativ - Friends of the Hellenic Church of Bucharest<\/title>\n<meta name=\"robots\" content=\"index, follow, max-snippet:-1, max-image-preview:large, max-video-preview:-1\" \/>\n<link rel=\"canonical\" href=\"https:\/\/friendshc.org\/ro\/administration\/\" \/>\n<meta property=\"og:locale\" content=\"ro_RO\" \/>\n<meta property=\"og:type\" content=\"article\" \/>\n<meta property=\"og:title\" content=\"Administrativ - Friends of the Hellenic Church of Bucharest\" \/>\n<meta property=\"og:url\" content=\"https:\/\/friendshc.org\/ro\/administration\/\" \/>\n<meta property=\"og:site_name\" content=\"Friends of the Hellenic Church of Bucharest\" \/>\n<meta property=\"article:modified_time\" content=\"2018-03-12T21:40:26+00:00\" \/>\n<meta name=\"twitter:card\" content=\"summary_large_image\" \/>\n<meta name=\"twitter:label1\" content=\"Timp estimat pentru citire\" \/>\n\t<meta name=\"twitter:data1\" content=\"9 minute\" \/>\n<script type=\"application\/ld+json\" class=\"yoast-schema-graph\">{\"@context\":\"https:\/\/schema.org\",\"@graph\":[{\"@type\":\"WebPage\",\"@id\":\"https:\/\/friendshc.org\/ro\/administration\/\",\"url\":\"https:\/\/friendshc.org\/ro\/administration\/\",\"name\":\"Administrativ - Friends of the Hellenic Church of Bucharest\",\"isPartOf\":{\"@id\":\"https:\/\/friendshc.org\/#website\"},\"datePublished\":\"2017-09-13T20:07:56+00:00\",\"dateModified\":\"2018-03-12T21:40:26+00:00\",\"breadcrumb\":{\"@id\":\"https:\/\/friendshc.org\/ro\/administration\/#breadcrumb\"},\"inLanguage\":\"ro-RO\",\"potentialAction\":[{\"@type\":\"ReadAction\",\"target\":[\"https:\/\/friendshc.org\/ro\/administration\/\"]}]},{\"@type\":\"BreadcrumbList\",\"@id\":\"https:\/\/friendshc.org\/ro\/administration\/#breadcrumb\",\"itemListElement\":[{\"@type\":\"ListItem\",\"position\":1,\"name\":\"Home\",\"item\":\"https:\/\/friendshc.org\/\"},{\"@type\":\"ListItem\",\"position\":2,\"name\":\"Administrativ\"}]},{\"@type\":\"WebSite\",\"@id\":\"https:\/\/friendshc.org\/#website\",\"url\":\"https:\/\/friendshc.org\/\",\"name\":\"Friends of the Hellenic Church of Bucharest\",\"description\":\"Nourishing the spirit that nourishes us\",\"potentialAction\":[{\"@type\":\"SearchAction\",\"target\":{\"@type\":\"EntryPoint\",\"urlTemplate\":\"https:\/\/friendshc.org\/?s={search_term_string}\"},\"query-input\":\"required name=search_term_string\"}],\"inLanguage\":\"ro-RO\"}]}<\/script>\n<!-- \/ Yoast SEO plugin. -->","yoast_head_json":{"title":"Administrativ - Friends of the Hellenic Church of Bucharest","robots":{"index":"index","follow":"follow","max-snippet":"max-snippet:-1","max-image-preview":"max-image-preview:large","max-video-preview":"max-video-preview:-1"},"canonical":"https:\/\/friendshc.org\/ro\/administration\/","og_locale":"ro_RO","og_type":"article","og_title":"Administrativ - Friends of the Hellenic Church of Bucharest","og_url":"https:\/\/friendshc.org\/ro\/administration\/","og_site_name":"Friends of the Hellenic Church of Bucharest","article_modified_time":"2018-03-12T21:40:26+00:00","twitter_card":"summary_large_image","twitter_misc":{"Timp estimat pentru citire":"9 minute"},"schema":{"@context":"https:\/\/schema.org","@graph":[{"@type":"WebPage","@id":"https:\/\/friendshc.org\/ro\/administration\/","url":"https:\/\/friendshc.org\/ro\/administration\/","name":"Administrativ - Friends of the Hellenic Church of Bucharest","isPartOf":{"@id":"https:\/\/friendshc.org\/#website"},"datePublished":"2017-09-13T20:07:56+00:00","dateModified":"2018-03-12T21:40:26+00:00","breadcrumb":{"@id":"https:\/\/friendshc.org\/ro\/administration\/#breadcrumb"},"inLanguage":"ro-RO","potentialAction":[{"@type":"ReadAction","target":["https:\/\/friendshc.org\/ro\/administration\/"]}]},{"@type":"BreadcrumbList","@id":"https:\/\/friendshc.org\/ro\/administration\/#breadcrumb","itemListElement":[{"@type":"ListItem","position":1,"name":"Home","item":"https:\/\/friendshc.org\/"},{"@type":"ListItem","position":2,"name":"Administrativ"}]},{"@type":"WebSite","@id":"https:\/\/friendshc.org\/#website","url":"https:\/\/friendshc.org\/","name":"Friends of the Hellenic Church of Bucharest","description":"Nourishing the spirit that nourishes us","potentialAction":[{"@type":"SearchAction","target":{"@type":"EntryPoint","urlTemplate":"https:\/\/friendshc.org\/?s={search_term_string}"},"query-input":"required name=search_term_string"}],"inLanguage":"ro-RO"}]}},"_links":{"self":[{"href":"https:\/\/friendshc.org\/ro\/wp-json\/wp\/v2\/pages\/997"}],"collection":[{"href":"https:\/\/friendshc.org\/ro\/wp-json\/wp\/v2\/pages"}],"about":[{"href":"https:\/\/friendshc.org\/ro\/wp-json\/wp\/v2\/types\/page"}],"author":[{"embeddable":true,"href":"https:\/\/friendshc.org\/ro\/wp-json\/wp\/v2\/users\/6"}],"replies":[{"embeddable":true,"href":"https:\/\/friendshc.org\/ro\/wp-json\/wp\/v2\/comments?post=997"}],"version-history":[{"count":0,"href":"https:\/\/friendshc.org\/ro\/wp-json\/wp\/v2\/pages\/997\/revisions"}],"wp:attachment":[{"href":"https:\/\/friendshc.org\/ro\/wp-json\/wp\/v2\/media?parent=997"}],"curies":[{"name":"wp","href":"https:\/\/api.w.org\/{rel}","templated":true}]}}