{"id":987,"date":"2017-08-02T14:30:32","date_gmt":"2017-08-02T14:30:32","guid":{"rendered":"http:\/\/cytogenomic2.tredy.online\/?page_id=987"},"modified":"2018-03-12T21:39:28","modified_gmt":"2018-03-12T21:39:28","slug":"volunteer","status":"publish","type":"page","link":"https:\/\/friendshc.org\/ro\/volunteer\/","title":{"rendered":"Voluntariat"},"content":{"rendered":"<div data-vc-full-width=\"true\" data-vc-full-width-init=\"false\" data-vc-stretch-content=\"true\" class=\"vc_row wpb_row vc_row-fluid vc_custom_1499600918137 vc_row-has-fill vc_row-no-padding\"><div class=\"wpb_column vc_column_container vc_col-sm-12\"><div class=\"vc_column-inner\"><div class=\"wpb_wrapper\"><\/div><\/div><\/div><\/div><div class=\"vc_row-full-width vc_clearfix\"><\/div><div data-vc-full-width=\"true\" data-vc-full-width-init=\"false\" data-vc-stretch-content=\"true\" class=\"vc_row wpb_row vc_row-fluid vc_row-o-content-middle vc_row-flex\"><div class=\"wpb_column vc_column_container vc_col-sm-3\"><div class=\"vc_column-inner\"><div class=\"wpb_wrapper\"><\/div><\/div><\/div><div class=\"wpb_column vc_column_container vc_col-sm-6\"><div class=\"vc_column-inner\"><div class=\"wpb_wrapper\"><h2 style=\"text-align: center\" class=\"vc_custom_heading\" >Voluntariat <\/h2>\n\t<div  class=\"wpb_single_image wpb_content_element vc_align_center  vc_custom_1499522494251\">\n\t\t\n\t\t<figure class=\"wpb_wrapper vc_figure\">\n\t\t\t<div class=\"vc_single_image-wrapper   vc_box_border_grey\"><img width=\"116\" height=\"23\" src=\"https:\/\/friendshc.org\/wp-content\/uploads\/2017\/05\/Text-separator-floral-lauri.png\" class=\"vc_single_image-img attachment-full\" alt=\"\" loading=\"lazy\" title=\"Text separator floral lauri\" srcset=\"https:\/\/friendshc.org\/wp-content\/uploads\/2017\/05\/Text-separator-floral-lauri.png 116w, https:\/\/friendshc.org\/wp-content\/uploads\/2017\/05\/Text-separator-floral-lauri-50x10.png 50w\" sizes=\"(max-width: 116px) 100vw, 116px\" \/><\/div>\n\t\t<\/figure>\n\t<\/div>\n<h4 style=\"line-height: 22px;text-align: center\" class=\"vc_custom_heading vc_custom_1508979293089\" >Po\u0163i face diferen\u0163a contribuind cu timpul t\u0103u \u015fi ajut\u00e2ndu-ne s\u0103 realiz\u0103m proiectele FHC <\/h4><\/div><\/div><\/div><div class=\"wpb_column vc_column_container vc_col-sm-3\"><div class=\"vc_column-inner\"><div class=\"wpb_wrapper\"><\/div><\/div><\/div><\/div><div class=\"vc_row-full-width vc_clearfix\"><\/div><div class=\"vc_row wpb_row vc_row-fluid\"><div class=\"wpb_column vc_column_container vc_col-sm-12\"><div class=\"vc_column-inner\"><div class=\"wpb_wrapper\"><div class=\"vc_row wpb_row vc_inner vc_row-fluid vc_custom_1500933693376 vc_column-gap-10 vc_row-o-equal-height vc_row-flex\"><div class=\"wpb_column vc_column_container vc_col-sm-4 vc_col-has-fill\"><div class=\"vc_column-inner vc_custom_1500459513359\"><div class=\"wpb_wrapper\">\n\t<div class=\"wpb_text_column wpb_content_element \" >\n\t\t<div class=\"wpb_wrapper\">\n\t\t\t<p><img loading=\"lazy\" class=\"wp-image-561 size-full aligncenter\" src=\"http:\/\/friendshc.org\/wp-content\/uploads\/2017\/06\/How-to-give_1.png\" alt=\"\" width=\"29\" height=\"50\" \/><\/p>\n<h6 class=\"howtohelp\" style=\"text-align: center;\">Comunicare cu ter\u0163e p\u0103r\u0163i.<\/h6>\n<h6 class=\"howtohelp\" style=\"text-align: center; margin-top: 35px;\"><strong><a href=\"http:\/\/friendshc.org\/ro\/contact-fhc\/\">Contacta\u0163i-ne<\/a><\/strong><\/h6>\n\n\t\t<\/div>\n\t<\/div>\n<\/div><\/div><\/div><div class=\"wpb_column vc_column_container vc_col-sm-4 vc_col-has-fill\"><div class=\"vc_column-inner vc_custom_1499601710631\"><div class=\"wpb_wrapper\">\n\t<div class=\"wpb_text_column wpb_content_element \" >\n\t\t<div class=\"wpb_wrapper\">\n\t\t\t<p><img loading=\"lazy\" class=\"wp-image-562 size-full aligncenter\" src=\"http:\/\/friendshc.org\/wp-content\/uploads\/2017\/07\/How-to-give_2.png\" alt=\"\" width=\"30\" height=\"50\" \/><\/p>\n<h6 class=\"howtohelp\" style=\"text-align: center;\">Activit\u0103\u0163i legate de str\u00e2ngeri de fonduri.<\/h6>\n<h6 class=\"howtohelp\" style=\"text-align: center; margin-top: 35px;\"><strong><a href=\"http:\/\/friendshc.org\/ro\/contact-fhc\/\">Contacta\u0163i-ne<\/a><\/strong><\/h6>\n\n\t\t<\/div>\n\t<\/div>\n<\/div><\/div><\/div><div class=\"wpb_column vc_column_container vc_col-sm-4 vc_col-has-fill\"><div class=\"vc_column-inner vc_custom_1500461222053\"><div class=\"wpb_wrapper\">\n\t<div class=\"wpb_text_column wpb_content_element \" >\n\t\t<div class=\"wpb_wrapper\">\n\t\t\t<p><img loading=\"lazy\" class=\"wp-image-563 size-full aligncenter\" src=\"http:\/\/friendshc.org\/wp-content\/uploads\/2017\/07\/How-to-give_3.png\" alt=\"\" width=\"30\" height=\"50\" \/><\/p>\n<h6 class=\"howtohelp\" style=\"text-align: center;\">Ac\u0163iuni de suport care ajut\u0103 la p\u0103strarea bisericii func\u0163ional\u0103 \u015fi deschis\u0103.<\/h6>\n<h6 class=\"howtohelp\" style=\"text-align: center;\"><strong><a href=\"http:\/\/friendshc.org\/ro\/contact-fhc\/\">Contacta\u0163i-ne<\/a><\/strong><\/h6>\n\n\t\t<\/div>\n\t<\/div>\n<\/div><\/div><\/div><\/div><div class=\"vc_row wpb_row vc_inner vc_row-fluid vc_column-gap-10 vc_row-o-equal-height vc_row-flex\"><div class=\"wpb_column vc_column_container vc_col-sm-8 vc_col-has-fill\"><div class=\"vc_column-inner vc_custom_1499588785743\"><div class=\"wpb_wrapper\"><h4 style=\"line-height: 32px;text-align: left\" class=\"vc_custom_heading h4custom vc_custom_1508979201636\" >Scopul nostru este asigurarea finan\u0163\u0103rii pentru obiectivele de mai jos:<\/h4><style id=ts-fancy-list-2360651-styling type=\"text\/css\">#ts-fancy-list-2360651 .ts-fancy-list-wrapper{margin:0 0 0 15px;list-style-type:disc;list-style-position:outside;color:#000;font-size:12px;line-height:18px}#ts-fancy-list-2360651 .ts-fancy-list-wrapper li{border:0;margin:5px 0;padding:0;line-height:18px;font-family:inherit}#ts-fancy-list-2360651 .ts-fancy-list-wrapper li div{margin:0;padding:0;color:#000;font-size:16px;line-height:18px;display:block;font-family:inherit}<\/style><div id=\"ts-fancy-list-2360651\" class=\"ts-fancy-list-container  \" style=\"margin-top: 0px; margin-bottom: 0px;\"><ul class=\"ts-fancy-list-wrapper ts-fancy-list-unordered\" style=\"padding-left: 0px;\"><li data-count=\"1\" style=\"\">\n\n<div>salariul psaltului<\/div><\/li><li data-count=\"2\" style=\"\">\n<div>cur\u0103\u0163area \u015fi \u00eentre\u0163inerea bisericii \u015fi a gr\u0103dinii sale<\/div><\/li><li data-count=\"3\" style=\"\">\n<div>decora\u0163iuni \u015fi preg\u0103tiri pentru sfintele s\u0103rb\u0103tori<\/div><\/li><li data-count=\"4\" style=\"\">\n<div>asigurarea tuturor condi\u0163iilor, pentru desf\u0103\u015furarea Sfintelor Sacramente (botezuri, nun\u0163i etc.)<\/div><\/li><li data-count=\"5\" style=\"\">\n<div>promovarea istoriei bisericii \u015fi respectarea tradi\u0163iei fondatorilor s\u0103i<\/div><\/li><li data-count=\"6\" style=\"\">\n<div>repara\u0163ii \u015fi restaurare a icoanelor<\/div><\/li><\/ul><\/div><h6 style=\"font-size: 16px;color: #000000;text-align: left\" class=\"vc_custom_heading vc_custom_1520890761914\" ><a href=\"http:\/\/friendshc.org\/ro\/administration\/#objectiveRO\">Clic pentru a vedea lista complet\u0103 a obiectivelor<\/a><\/h6><\/div><\/div><\/div><div class=\"wpb_column vc_column_container vc_col-sm-4 vc_col-has-fill\"><div class=\"vc_column-inner vc_custom_1499590981026\"><div class=\"wpb_wrapper\"><h2 style=\"text-align: center\" class=\"vc_custom_heading h2custom vc_custom_1508979253011\" >V\u0103 mul\u0163umim!<\/h2><div class=\"vc_empty_space\"   style=\"height: 3px\"><span class=\"vc_empty_space_inner\"><\/span><\/div><h6 style=\"text-align: center\" class=\"vc_custom_heading howtohelp vc_custom_1508979263843\" >Contribu\u0163ia dumneavoastr\u0103 are o importan\u0163\u0103 major\u0103 \u00een p\u0103strarea acestui monument istoric \u015fi la consolidarea comunit\u0103\u0163ii ortodoxe grece\u015fti din Bucure\u015fti.<\/h6><\/div><\/div><\/div><\/div><\/div><\/div><\/div><\/div><div data-vc-full-width=\"true\" data-vc-full-width-init=\"false\" data-vc-stretch-content=\"true\" class=\"vc_row wpb_row vc_row-fluid vc_custom_1504018234438 vc_row-has-fill\"><div class=\"wpb_column vc_column_container vc_col-sm-12\"><div class=\"vc_column-inner\"><div class=\"wpb_wrapper\"><div class=\"vc_row wpb_row vc_inner vc_row-fluid\"><div class=\"wpb_column vc_column_container vc_col-sm-2\"><div class=\"vc_column-inner\"><div class=\"wpb_wrapper\"><\/div><\/div><\/div><div class=\"wpb_column vc_column_container vc_col-sm-8\"><div class=\"vc_column-inner\"><div class=\"wpb_wrapper\"><h4 style=\"color: #ffffff;text-align: center\" class=\"vc_custom_heading\" >Aloc\u00e2nd chiar o mic\u0103 parte a timpului dumneavoastr\u0103, ne pute\u0163i ajuta s\u0103 ne atingem obiectivul de a p\u0103stra func\u0163ionalitatea de zi cu zi a bisericii.<\/h4><\/div><\/div><\/div><div class=\"wpb_column vc_column_container vc_col-sm-2\"><div class=\"vc_column-inner\"><div class=\"wpb_wrapper\"><\/div><\/div><\/div><\/div><\/div><\/div><\/div><\/div><div class=\"vc_row-full-width vc_clearfix\"><\/div>\n","protected":false},"excerpt":{"rendered":"Voluntariat Po\u0163i face diferen\u0163a contribuind cu timpul t\u0103u \u015fi ajut\u00e2ndu-ne s\u0103 realiz\u0103m proiectele FHC Comunicare cu ter\u0163e p\u0103r\u0163i. Contacta\u0163i-ne Activit\u0103\u0163i legate de str\u00e2ngeri de fonduri. Contacta\u0163i-ne<span class=\"excerpt-hellip\"> [\u2026]<\/span>","protected":false},"author":6,"featured_media":0,"parent":0,"menu_order":0,"comment_status":"closed","ping_status":"closed","template":"","meta":[],"yoast_head":"<!-- This site is optimized with the Yoast SEO plugin v20.5 - https:\/\/yoast.com\/wordpress\/plugins\/seo\/ -->\n<title>Voluntariat - Friends of the Hellenic Church of Bucharest<\/title>\n<meta name=\"robots\" content=\"index, follow, max-snippet:-1, max-image-preview:large, max-video-preview:-1\" \/>\n<link rel=\"canonical\" href=\"https:\/\/friendshc.org\/ro\/volunteer\/\" \/>\n<meta property=\"og:locale\" content=\"ro_RO\" \/>\n<meta property=\"og:type\" content=\"article\" \/>\n<meta property=\"og:title\" content=\"Voluntariat - Friends of the Hellenic Church of Bucharest\" \/>\n<meta property=\"og:url\" content=\"https:\/\/friendshc.org\/ro\/volunteer\/\" \/>\n<meta property=\"og:site_name\" content=\"Friends of the Hellenic Church of Bucharest\" \/>\n<meta property=\"article:modified_time\" content=\"2018-03-12T21:39:28+00:00\" \/>\n<meta property=\"og:image\" content=\"http:\/\/friendshc.org\/wp-content\/uploads\/2017\/06\/How-to-give_1.png\" \/>\n<meta name=\"twitter:card\" content=\"summary_large_image\" \/>\n<meta name=\"twitter:label1\" content=\"Timp estimat pentru citire\" \/>\n\t<meta name=\"twitter:data1\" content=\"4 minute\" \/>\n<script type=\"application\/ld+json\" class=\"yoast-schema-graph\">{\"@context\":\"https:\/\/schema.org\",\"@graph\":[{\"@type\":\"WebPage\",\"@id\":\"https:\/\/friendshc.org\/ro\/volunteer\/\",\"url\":\"https:\/\/friendshc.org\/ro\/volunteer\/\",\"name\":\"Voluntariat - Friends of the Hellenic Church of Bucharest\",\"isPartOf\":{\"@id\":\"https:\/\/friendshc.org\/#website\"},\"datePublished\":\"2017-08-02T14:30:32+00:00\",\"dateModified\":\"2018-03-12T21:39:28+00:00\",\"breadcrumb\":{\"@id\":\"https:\/\/friendshc.org\/ro\/volunteer\/#breadcrumb\"},\"inLanguage\":\"ro-RO\",\"potentialAction\":[{\"@type\":\"ReadAction\",\"target\":[\"https:\/\/friendshc.org\/ro\/volunteer\/\"]}]},{\"@type\":\"BreadcrumbList\",\"@id\":\"https:\/\/friendshc.org\/ro\/volunteer\/#breadcrumb\",\"itemListElement\":[{\"@type\":\"ListItem\",\"position\":1,\"name\":\"Home\",\"item\":\"https:\/\/friendshc.org\/\"},{\"@type\":\"ListItem\",\"position\":2,\"name\":\"Voluntariat\"}]},{\"@type\":\"WebSite\",\"@id\":\"https:\/\/friendshc.org\/#website\",\"url\":\"https:\/\/friendshc.org\/\",\"name\":\"Friends of the Hellenic Church of Bucharest\",\"description\":\"Nourishing the spirit that nourishes us\",\"potentialAction\":[{\"@type\":\"SearchAction\",\"target\":{\"@type\":\"EntryPoint\",\"urlTemplate\":\"https:\/\/friendshc.org\/?s={search_term_string}\"},\"query-input\":\"required name=search_term_string\"}],\"inLanguage\":\"ro-RO\"}]}<\/script>\n<!-- \/ Yoast SEO plugin. -->","yoast_head_json":{"title":"Voluntariat - Friends of the Hellenic Church of Bucharest","robots":{"index":"index","follow":"follow","max-snippet":"max-snippet:-1","max-image-preview":"max-image-preview:large","max-video-preview":"max-video-preview:-1"},"canonical":"https:\/\/friendshc.org\/ro\/volunteer\/","og_locale":"ro_RO","og_type":"article","og_title":"Voluntariat - Friends of the Hellenic Church of Bucharest","og_url":"https:\/\/friendshc.org\/ro\/volunteer\/","og_site_name":"Friends of the Hellenic Church of Bucharest","article_modified_time":"2018-03-12T21:39:28+00:00","og_image":[{"url":"http:\/\/friendshc.org\/wp-content\/uploads\/2017\/06\/How-to-give_1.png"}],"twitter_card":"summary_large_image","twitter_misc":{"Timp estimat pentru citire":"4 minute"},"schema":{"@context":"https:\/\/schema.org","@graph":[{"@type":"WebPage","@id":"https:\/\/friendshc.org\/ro\/volunteer\/","url":"https:\/\/friendshc.org\/ro\/volunteer\/","name":"Voluntariat - Friends of the Hellenic Church of Bucharest","isPartOf":{"@id":"https:\/\/friendshc.org\/#website"},"datePublished":"2017-08-02T14:30:32+00:00","dateModified":"2018-03-12T21:39:28+00:00","breadcrumb":{"@id":"https:\/\/friendshc.org\/ro\/volunteer\/#breadcrumb"},"inLanguage":"ro-RO","potentialAction":[{"@type":"ReadAction","target":["https:\/\/friendshc.org\/ro\/volunteer\/"]}]},{"@type":"BreadcrumbList","@id":"https:\/\/friendshc.org\/ro\/volunteer\/#breadcrumb","itemListElement":[{"@type":"ListItem","position":1,"name":"Home","item":"https:\/\/friendshc.org\/"},{"@type":"ListItem","position":2,"name":"Voluntariat"}]},{"@type":"WebSite","@id":"https:\/\/friendshc.org\/#website","url":"https:\/\/friendshc.org\/","name":"Friends of the Hellenic Church of Bucharest","description":"Nourishing the spirit that nourishes us","potentialAction":[{"@type":"SearchAction","target":{"@type":"EntryPoint","urlTemplate":"https:\/\/friendshc.org\/?s={search_term_string}"},"query-input":"required name=search_term_string"}],"inLanguage":"ro-RO"}]}},"_links":{"self":[{"href":"https:\/\/friendshc.org\/ro\/wp-json\/wp\/v2\/pages\/987"}],"collection":[{"href":"https:\/\/friendshc.org\/ro\/wp-json\/wp\/v2\/pages"}],"about":[{"href":"https:\/\/friendshc.org\/ro\/wp-json\/wp\/v2\/types\/page"}],"author":[{"embeddable":true,"href":"https:\/\/friendshc.org\/ro\/wp-json\/wp\/v2\/users\/6"}],"replies":[{"embeddable":true,"href":"https:\/\/friendshc.org\/ro\/wp-json\/wp\/v2\/comments?post=987"}],"version-history":[{"count":0,"href":"https:\/\/friendshc.org\/ro\/wp-json\/wp\/v2\/pages\/987\/revisions"}],"wp:attachment":[{"href":"https:\/\/friendshc.org\/ro\/wp-json\/wp\/v2\/media?parent=987"}],"curies":[{"name":"wp","href":"https:\/\/api.w.org\/{rel}","templated":true}]}}