{"id":958,"date":"2017-06-26T08:35:22","date_gmt":"2017-06-26T08:35:22","guid":{"rendered":"http:\/\/cytogenomic2.tredy.online\/support-fhc-general\/"},"modified":"2019-12-16T19:41:52","modified_gmt":"2019-12-16T19:41:52","slug":"support-fhc-general","status":"publish","type":"page","link":"https:\/\/friendshc.org\/ro\/support-fhc-general\/","title":{"rendered":"SUS\u0162INE"},"content":{"rendered":"<div data-vc-full-width=\"true\" data-vc-full-width-init=\"false\" data-vc-stretch-content=\"true\" class=\"vc_row wpb_row vc_row-fluid vc_custom_1499600918137 vc_row-has-fill vc_row-no-padding\"><div class=\"wpb_column vc_column_container vc_col-sm-12\"><div class=\"vc_column-inner\"><div class=\"wpb_wrapper\"><\/div><\/div><\/div><\/div><div class=\"vc_row-full-width vc_clearfix\"><\/div><div data-vc-full-width=\"true\" data-vc-full-width-init=\"false\" data-vc-stretch-content=\"true\" class=\"vc_row wpb_row vc_row-fluid vc_row-o-content-middle vc_row-flex\"><div class=\"wpb_column vc_column_container vc_col-sm-3\"><div class=\"vc_column-inner\"><div class=\"wpb_wrapper\"><\/div><\/div><\/div><div class=\"wpb_column vc_column_container vc_col-sm-6\"><div class=\"vc_column-inner\"><div class=\"wpb_wrapper\"><h2 style=\"text-align: center\" class=\"vc_custom_heading\" >Sus\u0163ine<\/h2>\n\t<div  class=\"wpb_single_image wpb_content_element vc_align_center  vc_custom_1499522494251\">\n\t\t\n\t\t<figure class=\"wpb_wrapper vc_figure\">\n\t\t\t<div class=\"vc_single_image-wrapper   vc_box_border_grey\"><img width=\"116\" height=\"23\" src=\"https:\/\/friendshc.org\/wp-content\/uploads\/2017\/05\/Text-separator-floral-lauri.png\" class=\"vc_single_image-img attachment-full\" alt=\"\" loading=\"lazy\" title=\"Text separator floral lauri\" srcset=\"https:\/\/friendshc.org\/wp-content\/uploads\/2017\/05\/Text-separator-floral-lauri.png 116w, https:\/\/friendshc.org\/wp-content\/uploads\/2017\/05\/Text-separator-floral-lauri-50x10.png 50w\" sizes=\"(max-width: 116px) 100vw, 116px\" \/><\/div>\n\t\t<\/figure>\n\t<\/div>\n<h4 style=\"line-height: 22px;text-align: center\" class=\"vc_custom_heading vc_custom_1508972505846\" >Ajuta\u0163i la conservarea unui monument istoric, sus\u0163ine\u0163i comunitatea ortodox\u0103 greac\u0103 din Bucure\u015fti.<\/h4><div class=\"vc_empty_space\"   style=\"height: 32px\"><span class=\"vc_empty_space_inner\"><\/span><\/div><\/div><\/div><\/div><div class=\"wpb_column vc_column_container vc_col-sm-3\"><div class=\"vc_column-inner\"><div class=\"wpb_wrapper\"><\/div><\/div><\/div><\/div><div class=\"vc_row-full-width vc_clearfix\"><\/div><div data-vc-full-width=\"true\" data-vc-full-width-init=\"false\" data-vc-stretch-content=\"true\" class=\"vc_row wpb_row vc_row-fluid vc_custom_1499521778596 vc_row-has-fill\"><div class=\"wpb_column vc_column_container vc_col-sm-12\"><div class=\"vc_column-inner\"><div class=\"wpb_wrapper\"><div class=\"vc_row wpb_row vc_inner vc_row-fluid\"><div class=\"wpb_column vc_column_container vc_col-sm-12\"><div class=\"vc_column-inner\"><div class=\"wpb_wrapper\"><div class=\"ult-spacer spacer-6a080b0daf563\" data-id=\"6a080b0daf563\" data-height=\"500\" data-height-mobile=\"500\" data-height-tab=\"500\" data-height-tab-portrait=\"\" data-height-mobile-landscape=\"\" style=\"clear:both;display:block;\"><\/div><\/div><\/div><\/div><\/div><\/div><\/div><\/div><\/div><div class=\"vc_row-full-width vc_clearfix\"><\/div><!-- Row Backgrounds --><div class=\"upb_bg_img\" data-ultimate-bg=\"url(https:\/\/friendshc.org\/wp-content\/uploads\/2017\/06\/Support-bg-header.png)\" data-image-id=\"473\" data-ultimate-bg-style=\"vcpb-default\" data-bg-img-repeat=\"repeat\" data-bg-img-size=\"cover\" data-bg-img-position=\"\" data-parallx_sense=\"30\" data-bg-override=\"0\" data-bg_img_attach=\"scroll\" data-upb-overlay-color=\"\" data-upb-bg-animation=\"\" data-fadeout=\"\" data-bg-animation=\"left-animation\" data-bg-animation-type=\"h\" data-animation-repeat=\"repeat\" data-fadeout-percentage=\"30\" data-parallax-content=\"\" data-parallax-content-sense=\"30\" data-row-effect-mobile-disable=\"true\" data-img-parallax-mobile-disable=\"true\" data-rtl=\"false\"  data-custom-vc-row=\"\"  data-vc=\"6.9.0\"  data-is_old_vc=\"\"  data-theme-support=\"\"   data-overlay=\"false\" data-overlay-color=\"\" data-overlay-pattern=\"\" data-overlay-pattern-opacity=\"\" data-overlay-pattern-size=\"\"    ><\/div><div class=\"vc_row wpb_row vc_row-fluid\"><div class=\"wpb_column vc_column_container vc_col-sm-12\"><div class=\"vc_column-inner\"><div class=\"wpb_wrapper\"><\/div><\/div><\/div><\/div><div class=\"vc_row wpb_row vc_row-fluid vc_custom_1499932121328\"><div class=\"wpb_column vc_column_container vc_col-sm-12\"><div class=\"vc_column-inner\"><div class=\"wpb_wrapper\"><div class=\"vc_row wpb_row vc_inner vc_row-fluid vc_column-gap-10 vc_row-o-equal-height vc_row-flex\"><div class=\"wpb_column vc_column_container vc_col-sm-2\"><div class=\"vc_column-inner\"><div class=\"wpb_wrapper\"><\/div><\/div><\/div><div class=\"wpb_column vc_column_container vc_col-sm-8\"><div class=\"vc_column-inner vc_custom_1500546976263\"><div class=\"wpb_wrapper\"><h2 style=\"text-align: center\" class=\"vc_custom_heading h2custom\" >Sprijini\u0163i men\u0163inerea bisericii deschis\u0103<\/h2>\n\t<div  class=\"wpb_single_image wpb_content_element vc_align_center  vc_custom_1500547637807\">\n\t\t\n\t\t<figure class=\"wpb_wrapper vc_figure\">\n\t\t\t<div class=\"vc_single_image-wrapper   vc_box_border_grey\"><img width=\"50\" height=\"43\" src=\"https:\/\/friendshc.org\/wp-content\/uploads\/2017\/02\/Icon-Support-FHCB-Homepage-split.png\" class=\"vc_single_image-img attachment-full\" alt=\"\" loading=\"lazy\" title=\"Icon Support FHCB Homepage split\" \/><\/div>\n\t\t<\/figure>\n\t<\/div>\n<h4 style=\"line-height: 22px;text-align: center\" class=\"vc_custom_heading howtohelp vc_custom_1508972532445\" >Ne pute\u0163i ajuta s\u0103 ne \u00eendeplinim misiunea de oriunde \u00een lume, fie prin timpul acordat, fie prin contribu\u0163ii financiare, fie printr-o combina\u0163ie a celor dou\u0103.<\/h4><\/div><\/div><\/div><div class=\"wpb_column vc_column_container vc_col-sm-2\"><div class=\"vc_column-inner\"><div class=\"wpb_wrapper\"><\/div><\/div><\/div><\/div><\/div><\/div><\/div><\/div><div id=\"how2options\" class=\"vc_row wpb_row vc_row-fluid vc_custom_1500925188132\"><div class=\"wpb_column vc_column_container vc_col-sm-12\"><div class=\"vc_column-inner\"><div class=\"wpb_wrapper\"><div class=\"vc_row wpb_row vc_inner vc_row-fluid vc_custom_1500933590636 vc_column-gap-10 vc_row-o-equal-height vc_row-flex\"><div class=\"wpb_column vc_column_container vc_col-sm-4 vc_col-has-fill\"><div class=\"vc_column-inner vc_custom_1500913098447\"><div class=\"wpb_wrapper\">\n\t<div class=\"wpb_text_column wpb_content_element \" >\n\t\t<div class=\"wpb_wrapper\">\n\t\t\t<p><img class=\"size-full wp-image-561 alignleft\" src=\"http:\/\/friendshc.org\/wp-content\/uploads\/2017\/06\/Support-FHCB-icon.png\" alt=\"\" \/><\/p>\n<h4 style=\"text-align: left; padding-top: 12px; line-height: 22px;\"><strong>Deveni\u0163i membru<\/strong><\/h4>\n<p>&nbsp;<\/p>\n<h6 class=\"howtohelp\" style=\"text-align: left;\">Ca membru, pute\u0163i s\u0103 vota\u0163i \u015fi s\u0103 decide\u0163i asupra prezentului \u015fi viitorului nostru.<\/h6>\n<h6 class=\"howtohelp\" style=\"text-align: left;\">Sunt doi pa\u015fi simpli pentru a deveni membru al FHC.<\/h6>\n<h6 class=\"howtohelp\" style=\"text-align: left;\"><strong><a href=\"http:\/\/friendshc.org\/ro\/fhc-membership\/\">Apas\u0103<\/a><\/strong> pentru detalii<\/h6>\n\n\t\t<\/div>\n\t<\/div>\n<\/div><\/div><\/div><div class=\"wpb_column vc_column_container vc_col-sm-4 vc_col-has-fill\"><div class=\"vc_column-inner vc_custom_1500913211761\"><div class=\"wpb_wrapper\">\n\t<div class=\"wpb_text_column wpb_content_element \" >\n\t\t<div class=\"wpb_wrapper\">\n\t\t\t<p><img loading=\"lazy\" class=\"size-full wp-image-502 alignleft\" src=\"http:\/\/friendshc.org\/wp-content\/uploads\/2017\/06\/Logo-Contribute-FHCB_2.png\" alt=\"\" width=\"42\" height=\"50\" \/><\/p>\n<h4 style=\"text-align: left; padding-top: 12px; line-height: 22px;\"><strong>Contribuie<\/strong><\/h4>\n<p>&nbsp;<\/p>\n<h6 class=\"howtohelp\" style=\"text-align: left;\">Niciun ajutor nu este prea mic!<\/h6>\n<h6 class=\"howtohelp\" style=\"text-align: left;\">Nu exist\u0103 minimum sau maximum. Oricine poate s\u0103 contribuie \u00een func\u0163ie de posibilit\u0103\u0163ile financiare.<\/h6>\n<h6 class=\"howtohelp\" style=\"text-align: left;\"><strong><a href=\"http:\/\/friendshc.org\/ro\/contributions\/\"> Apas\u0103<\/a><\/strong> pentru detalii<\/h6>\n\n\t\t<\/div>\n\t<\/div>\n<\/div><\/div><\/div><div class=\"wpb_column vc_column_container vc_col-sm-4 vc_col-has-fill\"><div class=\"vc_column-inner vc_custom_1500913903378\"><div class=\"wpb_wrapper\">\n\t<div class=\"wpb_text_column wpb_content_element \" >\n\t\t<div class=\"wpb_wrapper\">\n\t\t\t<p><img loading=\"lazy\" class=\"size-full wp-image-500 alignleft\" src=\"http:\/\/friendshc.org\/wp-content\/uploads\/2017\/06\/Volunteer-FHCB-icon-1.png\" alt=\"\" width=\"35\" height=\"50\" \/><\/p>\n<h4 style=\"text-align: left; padding-top: 12px; line-height: 22px;\"><strong>Voluntariat<\/strong><\/h4>\n<p>&nbsp;<\/p>\n<h6 class=\"howtohelp\" style=\"text-align: left;\">Pute\u0163i face o diferen\u0163\u0103 cu timpul dvs. ajut\u00e2ndu-ne s\u0103 d\u0103m via\u0163\u0103 proiectelor care contribuie la p\u0103strarea func\u0163ional\u0103 a bisericii.<\/h6>\n<h6 class=\"howtohelp\" style=\"text-align: left;\">V\u0103 rug\u0103m s\u0103 ne spune\u0163i ce proiecte anume dori\u0163i s\u0103 sprijini\u0163i.<\/h6>\n<h6 class=\"howtohelp\" style=\"text-align: left;\"><strong><a href=\"http:\/\/friendshc.org\/ro\/volunteer\/\"> Apas\u0103<\/a><\/strong> pentru detalii<\/h6>\n\n\t\t<\/div>\n\t<\/div>\n<\/div><\/div><\/div><\/div><div class=\"vc_row wpb_row vc_inner vc_row-fluid vc_column-gap-10 vc_row-o-equal-height vc_row-flex\"><div class=\"wpb_column vc_column_container vc_col-sm-8 vc_col-has-fill\"><div class=\"vc_column-inner vc_custom_1499588785743\"><div class=\"wpb_wrapper\"><h4 style=\"line-height: 32px;text-align: left\" class=\"vc_custom_heading vc_custom_1508973051876\" >Scopul nostru este asigurarea finan\u0163\u0103rii pentru obiectivele de mai jos:<\/h4><style id=ts-fancy-list-2259172-styling type=\"text\/css\">#ts-fancy-list-2259172 .ts-fancy-list-wrapper{margin:0 0 0 15px;list-style-type:disc;list-style-position:outside;color:#000;font-size:12px;line-height:18px}#ts-fancy-list-2259172 .ts-fancy-list-wrapper li{border:0;margin:5px 0;padding:0;line-height:18px;font-family:inherit}#ts-fancy-list-2259172 .ts-fancy-list-wrapper li div{margin:0;padding:0;color:#000;font-size:18px;line-height:18px;display:block;font-family:inherit}<\/style><div id=\"ts-fancy-list-2259172\" class=\"ts-fancy-list-container  \" style=\"margin-top: 0px; margin-bottom: 0px;\"><ul class=\"ts-fancy-list-wrapper ts-fancy-list-unordered\" style=\"padding-left: 0px;\"><li data-count=\"1\" style=\"\">\n\n<div>salariul psaltului<\/div><\/li><li data-count=\"2\" style=\"\">\n<div>cur\u0103\u0163area \u015fi \u00eentre\u0163inerea bisericii \u015fi a gr\u0103dinii sale<\/div><\/li><li data-count=\"3\" style=\"\">\n<div>decora\u0163iuni \u015fi preg\u0103tiri pentru sfintele s\u0103rb\u0103tori<\/div><\/li><li data-count=\"4\" style=\"\">\n<div>asigurarea tuturor condi\u0163iilor, pentru desf\u0103\u015furarea Sfintelor Slujbe (botezuri, nun\u0163i etc.)<\/div><\/li><li data-count=\"5\" style=\"\">\n<div>promovarea istoriei bisericii \u015fi respectarea tradi\u0163iei fondatorilor s\u0103i<\/div><\/li><li data-count=\"6\" style=\"\">\n<div>repara\u0163ii \u015fi restaurare a icoanelor<\/div><\/li><\/ul><\/div><h6 style=\"font-size: 16px;color: #000000;text-align: left\" class=\"vc_custom_heading vc_custom_1520890529108\" ><a href=\"http:\/\/friendshc.org\/ro\/administration\/#objectiveRO\">Clic pentru a vedea lista complet\u0103 a obiectivelor<\/a><\/h6><\/div><\/div><\/div><div class=\"wpb_column vc_column_container vc_col-sm-4 vc_col-has-fill\"><div class=\"vc_column-inner vc_custom_1499590981026\"><div class=\"wpb_wrapper\"><h2 style=\"text-align: center\" class=\"vc_custom_heading h2custom vc_custom_1508973129871\" >V\u0103 mul\u0163umim!<\/h2><div class=\"vc_empty_space\"   style=\"height: 3px\"><span class=\"vc_empty_space_inner\"><\/span><\/div><h6 style=\"text-align: center\" class=\"vc_custom_heading howtohelp vc_custom_1508973144151\" >Contribu\u0163ia dumneavoastr\u0103 are o importan\u0163\u0103 major\u0103 \u00een p\u0103strarea acestui monument istoric \u015fi la consolidarea comunit\u0103\u0163ii ortodoxe grece\u015fti din Bucure\u015fti.<\/h6><\/div><\/div><\/div><\/div><\/div><\/div><\/div><\/div><div class=\"vc_row wpb_row vc_row-fluid\"><div class=\"wpb_column vc_column_container vc_col-sm-3\"><div class=\"vc_column-inner\"><div class=\"wpb_wrapper\">\n\t<div class=\"wpb_text_column wpb_content_element \" >\n\t\t<div class=\"wpb_wrapper\">\n\t\t\t<h6 style=\"font-size: 28px; line-height: 30px; text-align: left;\"><em>Dorin\u021bele noastre sincere \u0219i calde<br \/>\npentru un an spiritual, creativ \u0219i<br \/>\nbinecuv\u00e2ntat de Dumnezeu, plin de<br \/>\nS\u0103n\u0103tate, Dragoste, Pace \u0219i Speran\u021b\u0103!<br \/>\n<\/em><\/h6>\n\n\t\t<\/div>\n\t<\/div>\n<\/div><\/div><\/div><div class=\"wpb_column vc_column_container vc_col-sm-3\"><div class=\"vc_column-inner\"><div class=\"wpb_wrapper\">\n\t<div class=\"wpb_text_column wpb_content_element \" >\n\t\t<div class=\"wpb_wrapper\">\n\t\t\t<hr class=\"no_line\" \/>\n<p style=\"font-size: 18px; line-height: 20px; font-weight: 500; text-align: left;\"><strong>Bucura\u021bi-v\u0103 de noul nostru calendar pentru anul 2020, cu fotografii de colec\u021bie din istoria Bisericii Bunei Vestiri.<\/strong><\/p>\n<p>Pentru comenzi v\u0103 rug\u0103m s\u0103 comunica\u021bi prin messenger sau la 0744911522. Costul calendarului: 50 ron.<\/p>\n\n\t\t<\/div>\n\t<\/div>\n<\/div><\/div><\/div><div class=\"wpb_column vc_column_container vc_col-sm-3\"><div class=\"vc_column-inner\"><div class=\"wpb_wrapper\">\n\t<div  class=\"wpb_single_image wpb_content_element vc_align_center\">\n\t\t\n\t\t<figure class=\"wpb_wrapper vc_figure\">\n\t\t\t<a href=\"https:\/\/friendshc.org\/wp-content\/uploads\/2019\/12\/Calendar-FHC-cover-min-724x1024.jpg\" target=\"_self\" class=\"vc_single_image-wrapper   vc_box_border_grey\"><img width=\"2547\" height=\"3603\" src=\"https:\/\/friendshc.org\/wp-content\/uploads\/2019\/12\/Calendar-FHC-cover-min.jpg\" class=\"vc_single_image-img attachment-full\" alt=\"Coperta calendar Biserica Greaca\" loading=\"lazy\" title=\"Calendar FHC-cover-min\" srcset=\"https:\/\/friendshc.org\/wp-content\/uploads\/2019\/12\/Calendar-FHC-cover-min.jpg 2547w, https:\/\/friendshc.org\/wp-content\/uploads\/2019\/12\/Calendar-FHC-cover-min-212x300.jpg 212w, https:\/\/friendshc.org\/wp-content\/uploads\/2019\/12\/Calendar-FHC-cover-min-768x1086.jpg 768w, https:\/\/friendshc.org\/wp-content\/uploads\/2019\/12\/Calendar-FHC-cover-min-724x1024.jpg 724w, https:\/\/friendshc.org\/wp-content\/uploads\/2019\/12\/Calendar-FHC-cover-min-103x146.jpg 103w, https:\/\/friendshc.org\/wp-content\/uploads\/2019\/12\/Calendar-FHC-cover-min-35x50.jpg 35w, https:\/\/friendshc.org\/wp-content\/uploads\/2019\/12\/Calendar-FHC-cover-min-53x75.jpg 53w\" sizes=\"(max-width: 2547px) 100vw, 2547px\" \/><\/a>\n\t\t<\/figure>\n\t<\/div>\n<\/div><\/div><\/div><div class=\"wpb_column vc_column_container vc_col-sm-3\"><div class=\"vc_column-inner\"><div class=\"wpb_wrapper\">\n\t<div  class=\"wpb_single_image wpb_content_element vc_align_center\">\n\t\t\n\t\t<figure class=\"wpb_wrapper vc_figure\">\n\t\t\t<a href=\"https:\/\/friendshc.org\/wp-content\/uploads\/2019\/12\/Calendar-FHC-back-cover-min-712x1024.jpg\" target=\"_self\" class=\"vc_single_image-wrapper   vc_box_border_grey\"><img width=\"2458\" height=\"3536\" src=\"https:\/\/friendshc.org\/wp-content\/uploads\/2019\/12\/Calendar-FHC-back-cover-min.jpg\" class=\"vc_single_image-img attachment-full\" alt=\"Coperta spate calendar Biserica Greaca Asociatie FHCB\" loading=\"lazy\" title=\"Calendar FHC-back cover-min\" srcset=\"https:\/\/friendshc.org\/wp-content\/uploads\/2019\/12\/Calendar-FHC-back-cover-min.jpg 2458w, https:\/\/friendshc.org\/wp-content\/uploads\/2019\/12\/Calendar-FHC-back-cover-min-209x300.jpg 209w, https:\/\/friendshc.org\/wp-content\/uploads\/2019\/12\/Calendar-FHC-back-cover-min-768x1105.jpg 768w, https:\/\/friendshc.org\/wp-content\/uploads\/2019\/12\/Calendar-FHC-back-cover-min-712x1024.jpg 712w, https:\/\/friendshc.org\/wp-content\/uploads\/2019\/12\/Calendar-FHC-back-cover-min-101x146.jpg 101w, https:\/\/friendshc.org\/wp-content\/uploads\/2019\/12\/Calendar-FHC-back-cover-min-35x50.jpg 35w, https:\/\/friendshc.org\/wp-content\/uploads\/2019\/12\/Calendar-FHC-back-cover-min-52x75.jpg 52w\" sizes=\"(max-width: 2458px) 100vw, 2458px\" \/><\/a>\n\t\t<\/figure>\n\t<\/div>\n<\/div><\/div><\/div><\/div><div data-vc-full-width=\"true\" data-vc-full-width-init=\"false\" data-vc-stretch-content=\"true\" class=\"vc_row wpb_row vc_row-fluid vc_custom_1499524395444 vc_row-has-fill\"><div class=\"wpb_column vc_column_container vc_col-sm-12\"><div class=\"vc_column-inner\"><div class=\"wpb_wrapper\"><div class=\"vc_row wpb_row vc_inner vc_row-fluid\"><div class=\"wpb_column vc_column_container vc_col-sm-2\"><div class=\"vc_column-inner\"><div class=\"wpb_wrapper\"><\/div><\/div><\/div><div class=\"wpb_column vc_column_container vc_col-sm-8\"><div class=\"vc_column-inner\"><div class=\"wpb_wrapper\"><h4 style=\"color: #ffffff;line-height: 28px;text-align: center\" class=\"vc_custom_heading\" ><a href=\"http:\/\/friendshc.org\/ro\/contact-fhc\/\">Pentru mai multe informa\u0163ii legate de modul de oferire a unei dona\u0163ii \u00een natur\u0103 sau pentru a discuta problema str\u00e2ngerii de fonduri, v\u0103 rug\u0103m s\u0103 ne contacta\u0163i<\/a><\/h4><\/div><\/div><\/div><div class=\"wpb_column vc_column_container vc_col-sm-2\"><div class=\"vc_column-inner\"><div class=\"wpb_wrapper\"><\/div><\/div><\/div><\/div><\/div><\/div><\/div><\/div><div class=\"vc_row-full-width vc_clearfix\"><\/div>\n","protected":false},"excerpt":{"rendered":"Sus\u0163ine Ajuta\u0163i la conservarea unui monument istoric, sus\u0163ine\u0163i comunitatea ortodox\u0103 greac\u0103 din Bucure\u015fti.Sprijini\u0163i men\u0163inerea bisericii deschis\u0103 Ne pute\u0163i ajuta s\u0103 ne \u00eendeplinim misiunea de oriunde \u00een<span class=\"excerpt-hellip\"> [\u2026]<\/span>","protected":false},"author":6,"featured_media":0,"parent":0,"menu_order":0,"comment_status":"closed","ping_status":"closed","template":"","meta":[],"yoast_head":"<!-- This site is optimized with the Yoast SEO plugin v20.5 - https:\/\/yoast.com\/wordpress\/plugins\/seo\/ -->\n<title>SUS\u0162INE - Friends of the Hellenic Church of Bucharest<\/title>\n<meta name=\"robots\" content=\"index, follow, max-snippet:-1, max-image-preview:large, max-video-preview:-1\" \/>\n<link rel=\"canonical\" href=\"https:\/\/friendshc.org\/ro\/support-fhc-general\/\" \/>\n<meta property=\"og:locale\" content=\"ro_RO\" \/>\n<meta property=\"og:type\" content=\"article\" \/>\n<meta property=\"og:title\" content=\"SUS\u0162INE - Friends of the Hellenic Church of Bucharest\" \/>\n<meta property=\"og:url\" content=\"https:\/\/friendshc.org\/ro\/support-fhc-general\/\" \/>\n<meta property=\"og:site_name\" content=\"Friends of the Hellenic Church of Bucharest\" \/>\n<meta property=\"article:modified_time\" content=\"2019-12-16T19:41:52+00:00\" \/>\n<meta property=\"og:image\" content=\"http:\/\/friendshc.org\/wp-content\/uploads\/2017\/06\/Support-FHCB-icon.png\" \/>\n<meta name=\"twitter:card\" content=\"summary_large_image\" \/>\n<meta name=\"twitter:label1\" content=\"Timp estimat pentru citire\" \/>\n\t<meta name=\"twitter:data1\" content=\"6 minute\" \/>\n<script type=\"application\/ld+json\" class=\"yoast-schema-graph\">{\"@context\":\"https:\/\/schema.org\",\"@graph\":[{\"@type\":\"WebPage\",\"@id\":\"https:\/\/friendshc.org\/ro\/support-fhc-general\/\",\"url\":\"https:\/\/friendshc.org\/ro\/support-fhc-general\/\",\"name\":\"SUS\u0162INE - Friends of the Hellenic Church of Bucharest\",\"isPartOf\":{\"@id\":\"https:\/\/friendshc.org\/#website\"},\"datePublished\":\"2017-06-26T08:35:22+00:00\",\"dateModified\":\"2019-12-16T19:41:52+00:00\",\"breadcrumb\":{\"@id\":\"https:\/\/friendshc.org\/ro\/support-fhc-general\/#breadcrumb\"},\"inLanguage\":\"ro-RO\",\"potentialAction\":[{\"@type\":\"ReadAction\",\"target\":[\"https:\/\/friendshc.org\/ro\/support-fhc-general\/\"]}]},{\"@type\":\"BreadcrumbList\",\"@id\":\"https:\/\/friendshc.org\/ro\/support-fhc-general\/#breadcrumb\",\"itemListElement\":[{\"@type\":\"ListItem\",\"position\":1,\"name\":\"Home\",\"item\":\"https:\/\/friendshc.org\/\"},{\"@type\":\"ListItem\",\"position\":2,\"name\":\"SUS\u0162INE\"}]},{\"@type\":\"WebSite\",\"@id\":\"https:\/\/friendshc.org\/#website\",\"url\":\"https:\/\/friendshc.org\/\",\"name\":\"Friends of the Hellenic Church of Bucharest\",\"description\":\"Nourishing the spirit that nourishes us\",\"potentialAction\":[{\"@type\":\"SearchAction\",\"target\":{\"@type\":\"EntryPoint\",\"urlTemplate\":\"https:\/\/friendshc.org\/?s={search_term_string}\"},\"query-input\":\"required name=search_term_string\"}],\"inLanguage\":\"ro-RO\"}]}<\/script>\n<!-- \/ Yoast SEO plugin. -->","yoast_head_json":{"title":"SUS\u0162INE - Friends of the Hellenic Church of Bucharest","robots":{"index":"index","follow":"follow","max-snippet":"max-snippet:-1","max-image-preview":"max-image-preview:large","max-video-preview":"max-video-preview:-1"},"canonical":"https:\/\/friendshc.org\/ro\/support-fhc-general\/","og_locale":"ro_RO","og_type":"article","og_title":"SUS\u0162INE - Friends of the Hellenic Church of Bucharest","og_url":"https:\/\/friendshc.org\/ro\/support-fhc-general\/","og_site_name":"Friends of the Hellenic Church of Bucharest","article_modified_time":"2019-12-16T19:41:52+00:00","og_image":[{"url":"http:\/\/friendshc.org\/wp-content\/uploads\/2017\/06\/Support-FHCB-icon.png"}],"twitter_card":"summary_large_image","twitter_misc":{"Timp estimat pentru citire":"6 minute"},"schema":{"@context":"https:\/\/schema.org","@graph":[{"@type":"WebPage","@id":"https:\/\/friendshc.org\/ro\/support-fhc-general\/","url":"https:\/\/friendshc.org\/ro\/support-fhc-general\/","name":"SUS\u0162INE - Friends of the Hellenic Church of Bucharest","isPartOf":{"@id":"https:\/\/friendshc.org\/#website"},"datePublished":"2017-06-26T08:35:22+00:00","dateModified":"2019-12-16T19:41:52+00:00","breadcrumb":{"@id":"https:\/\/friendshc.org\/ro\/support-fhc-general\/#breadcrumb"},"inLanguage":"ro-RO","potentialAction":[{"@type":"ReadAction","target":["https:\/\/friendshc.org\/ro\/support-fhc-general\/"]}]},{"@type":"BreadcrumbList","@id":"https:\/\/friendshc.org\/ro\/support-fhc-general\/#breadcrumb","itemListElement":[{"@type":"ListItem","position":1,"name":"Home","item":"https:\/\/friendshc.org\/"},{"@type":"ListItem","position":2,"name":"SUS\u0162INE"}]},{"@type":"WebSite","@id":"https:\/\/friendshc.org\/#website","url":"https:\/\/friendshc.org\/","name":"Friends of the Hellenic Church of Bucharest","description":"Nourishing the spirit that nourishes us","potentialAction":[{"@type":"SearchAction","target":{"@type":"EntryPoint","urlTemplate":"https:\/\/friendshc.org\/?s={search_term_string}"},"query-input":"required name=search_term_string"}],"inLanguage":"ro-RO"}]}},"_links":{"self":[{"href":"https:\/\/friendshc.org\/ro\/wp-json\/wp\/v2\/pages\/958"}],"collection":[{"href":"https:\/\/friendshc.org\/ro\/wp-json\/wp\/v2\/pages"}],"about":[{"href":"https:\/\/friendshc.org\/ro\/wp-json\/wp\/v2\/types\/page"}],"author":[{"embeddable":true,"href":"https:\/\/friendshc.org\/ro\/wp-json\/wp\/v2\/users\/6"}],"replies":[{"embeddable":true,"href":"https:\/\/friendshc.org\/ro\/wp-json\/wp\/v2\/comments?post=958"}],"version-history":[{"count":0,"href":"https:\/\/friendshc.org\/ro\/wp-json\/wp\/v2\/pages\/958\/revisions"}],"wp:attachment":[{"href":"https:\/\/friendshc.org\/ro\/wp-json\/wp\/v2\/media?parent=958"}],"curies":[{"name":"wp","href":"https:\/\/api.w.org\/{rel}","templated":true}]}}