{"id":940,"date":"2017-06-12T21:00:11","date_gmt":"2017-06-12T21:00:11","guid":{"rendered":"http:\/\/cytogenomic2.tredy.online\/our-mission\/"},"modified":"2018-03-30T15:58:19","modified_gmt":"2018-03-30T15:58:19","slug":"our-mission","status":"publish","type":"page","link":"https:\/\/friendshc.org\/ro\/our-mission\/","title":{"rendered":"Misunea noastr\u0103"},"content":{"rendered":"<div data-vc-full-width=\"true\" data-vc-full-width-init=\"false\" data-vc-stretch-content=\"true\" class=\"vc_row wpb_row vc_row-fluid\"><div class=\"wpb_column vc_column_container vc_col-sm-12\"><div class=\"vc_column-inner\"><div class=\"wpb_wrapper\"><div class=\"vc_empty_space\"   style=\"height: 15px\"><span class=\"vc_empty_space_inner\"><\/span><\/div><div class=\"vc_row wpb_row vc_inner vc_row-fluid\"><div class=\"wpb_column vc_column_container vc_col-sm-3\"><div class=\"vc_column-inner\"><div class=\"wpb_wrapper\"><\/div><\/div><\/div><div class=\"wpb_column vc_column_container vc_col-sm-6\"><div class=\"vc_column-inner\"><div class=\"wpb_wrapper\"><h2 style=\"text-align: center\" class=\"vc_custom_heading\" >Misiunea noastr\u0103<\/h2>\n\t<div  class=\"wpb_single_image wpb_content_element vc_align_center  vc_custom_1500551228304\">\n\t\t\n\t\t<figure class=\"wpb_wrapper vc_figure\">\n\t\t\t<div class=\"vc_single_image-wrapper   vc_box_border_grey\"><img width=\"116\" height=\"23\" src=\"https:\/\/friendshc.org\/wp-content\/uploads\/2017\/05\/Text-separator-floral-lauri.png\" class=\"vc_single_image-img attachment-full\" alt=\"\" loading=\"lazy\" title=\"Text separator floral lauri\" srcset=\"https:\/\/friendshc.org\/wp-content\/uploads\/2017\/05\/Text-separator-floral-lauri.png 116w, https:\/\/friendshc.org\/wp-content\/uploads\/2017\/05\/Text-separator-floral-lauri-50x10.png 50w\" sizes=\"(max-width: 116px) 100vw, 116px\" \/><\/div>\n\t\t<\/figure>\n\t<\/div>\n<h4 style=\"line-height: 24px;text-align: center\" class=\"vc_custom_heading vc_custom_1508968582507\" >Deservirea comunit\u0103\u0163ii prin facilitarea \u015fi sus\u0163inerea func\u0163ion\u0103rii ne\u00eentrerupte a Bisericii Buna Vestire, hr\u0103nind spiritul generozit\u0103\u0163ii cu care aceast\u0103 Biseric\u0103 a fost \u00eenzestrat\u0103, respect\u00e2ndu-i valorile perene.<\/h4><\/div><\/div><\/div><div class=\"wpb_column vc_column_container vc_col-sm-3\"><div class=\"vc_column-inner\"><div class=\"wpb_wrapper\"><\/div><\/div><\/div><\/div><\/div><\/div><\/div><\/div><div class=\"vc_row-full-width vc_clearfix\"><\/div><div data-vc-full-width=\"true\" data-vc-full-width-init=\"false\" data-vc-stretch-content=\"true\" class=\"vc_row wpb_row vc_row-fluid vc_custom_1499676636896 vc_row-has-fill\"><div class=\"wpb_column vc_column_container vc_col-sm-12\"><div class=\"vc_column-inner\"><div class=\"wpb_wrapper\"><div class=\"vc_row wpb_row vc_inner vc_row-fluid\"><div class=\"wpb_column vc_column_container vc_col-sm-2\"><div class=\"vc_column-inner\"><div class=\"wpb_wrapper\"><\/div><\/div><\/div><div class=\"wpb_column vc_column_container vc_col-sm-8\"><div class=\"vc_column-inner\"><div class=\"wpb_wrapper\"><h4 style=\"color: #ffffff;line-height: 28px;text-align: center\" class=\"vc_custom_heading\" >Biserica Buna Vestire se remarc\u0103 prin frumuse\u0163ea, arhitectura, semnifica\u0163ia sa istoric\u0103, fiind declarat\u0103 monument istoric al capitalei Rom\u00e2niei. Este situat\u0103 \u00een incinta Ambasadei Greciei din Bucure\u015fti, probabil cea mai frumoas\u0103 cl\u0103dire a unei ambasade grece\u015fti de oriunde din lume.<\/h4><\/div><\/div><\/div><div class=\"wpb_column vc_column_container vc_col-sm-2\"><div class=\"vc_column-inner\"><div class=\"wpb_wrapper\"><\/div><\/div><\/div><\/div><\/div><\/div><\/div><\/div><div class=\"vc_row-full-width vc_clearfix\"><\/div><div data-vc-full-width=\"true\" data-vc-full-width-init=\"false\" data-vc-stretch-content=\"true\" class=\"vc_row wpb_row vc_row-fluid vc_custom_1499678109064 vc_row-has-fill\"><div class=\"wpb_column vc_column_container vc_col-sm-2\"><div class=\"vc_column-inner vc_custom_1497910045711\"><div class=\"wpb_wrapper\"><\/div><\/div><\/div><div class=\"wpb_column vc_column_container vc_col-sm-4\"><div class=\"vc_column-inner vc_custom_1499674665185\"><div class=\"wpb_wrapper\"><div id=\"ultimate-heading-75466a080afabd4a3\" class=\"uvc-heading ult-adjust-bottom-margin ultimate-heading-75466a080afabd4a3 uvc-6804 \" data-hspacer=\"no_spacer\"  data-halign=\"left\" style=\"text-align:left\"><div class=\"uvc-heading-spacer no_spacer\" style=\"top\"><\/div><div class=\"uvc-main-heading ult-responsive\"  data-ultimate-target='.uvc-heading.ultimate-heading-75466a080afabd4a3 h4'  data-responsive-json-new='{\"font-size\":\"desktop:26px;\",\"line-height\":\"desktop:32px;\"}' ><h4 style=\"font-weight:normal;margin-top:7px;margin-bottom:5px;\">Asocia\u0163ia Prietenilor Bisericii Grece\u015fti din Bucure\u015fti (FHC)<\/h4><\/div><div class=\"uvc-sub-heading ult-responsive\"  data-ultimate-target='.uvc-heading.ultimate-heading-75466a080afabd4a3 .uvc-sub-heading '  data-responsive-json-new='{\"font-size\":\"desktop:16px;\",\"line-height\":\"desktop:20px;\"}'  style=\"font-weight:normal;margin-top:17px;margin-bottom:5px;\"><\/p>\n<h6 style=\"text-align: justify; line-height: 20px;\">Asocia\u0163ia FHC a fost \u00eenfiin\u0163at\u0103 pentru a sprijini func\u0163ionarea de zi cu zi a bisericii, precum \u015fi pentru a ajut\u0103 la conservarea pe termen lung a Bisericii Greco-Ortodoxe Buna Vestire. O frumoas\u0103 \u015fi unic\u0103 Biserica Ortodox\u0103 Greac\u0103, un monument istoric recunoscut de autorit\u0103\u0163ile municipal ale capitalei, ca \u015fi de Ministerul rom\u00e2n al Culturii. Este un spa\u0163iu central al comunit\u0103\u0163ii spirituale \u015fi de adunare a diasporei grece\u015fti \u00een fiecare duminic\u0103.<br \/>\nBiserica combin\u0103 armonios dou\u0103 tradi\u0163ii arhitecturale: la exterior, templul ionian; la interior, bazilica bizantin\u0103.<\/h6>\n<p><\/div><\/div><\/div><\/div><\/div><div class=\"wpb_column vc_column_container vc_col-sm-4\"><div class=\"vc_column-inner vc_custom_1499674398548\"><div class=\"wpb_wrapper\"><div id=\"advanced-tabs-desc-wrap-5069\" class=\"ult_tabs \" style=\" margin-top:10px;\" data-tabsstyle=\"style1\"\r\n data-titlebg=\"#e7ecea\" data-titlecolor=\"#000000\" data-fullheight=\"on\"\r\n data-titlehoverbg=\"#4f90d1\" data-titlehovercolor=\"#ffffff\"\r\n data-rotatetabs=\"0\" data-responsivemode=\"Both\" data-animation=\"Slide\"\r\ndata-activetitle=\"#ffffff\" data-activeicon=\"\" data-activebg=\"#5aa1e3\"  data-respmode=\"Tabs\" data-respwidth=\"400\" data-scroll = \"on\" data-activeindex=\"1\"><ul id=advanced-tabs-wrap-3978 class=\"ult_tabmenu style1 \" style=\"\"><li class=\"ult_tab_li  \" data-iconcolor=\"#74777b\" data-iconhover=\"#ffffff\" style=\"background-color:#e7ecea;border-color:transparent;border-width:0px;border-style:solid;border-top-left-radius:8px;\">\r\n\t\t\t\t\t<a href=\"#5ed30e5a-f1e0-1\"  id=\"5ed30e5a-f1e0-1\"  style=\"color:#000000;;   \" class=\"ult_a  \">\r\n\t\t\t\t\t     <span class=\"ult_tab_main Both \">\r\n\t\t\t\t\t \t\t <span class=\"ult_tab_section\">\r\n\t\t\t\t\t   \t\t\t<span  data-ultimate-target='#advanced-tabs-wrap-3978 .ult-span-text'  data-responsive-json-new='{\"font-size\":\"desktop:24px;\",\"line-height\":\"\"}'  class=\"ult-span-text no_icon ult_tab_display_text ult-responsive\" style=\";\">Scopul<\/span>\r\n\t\t\t\t\t   \t\t<\/span>\r\n\t\t\t\t\t\t<\/span>\r\n\t\t\t\t\t<\/a>\r\n\t\t\t\t\t<\/li><li class=\"ult_tab_li  \" data-iconcolor=\"#74777b\" data-iconhover=\"#ffffff\" style=\"background-color:#e7ecea;border-color:transparent;border-width:0px;border-style:solid;\">\r\n\t\t\t\t\t<a href=\"#502462e7-738a-3\"  id=\"502462e7-738a-3\"  style=\"color:#000000;;   \" class=\"ult_a  \">\r\n\t\t\t\t\t     <span class=\"ult_tab_main Both \">\r\n\t\t\t\t\t \t\t <span class=\"ult_tab_section\">\r\n\t\t\t\t\t   \t\t\t<span  data-ultimate-target='#advanced-tabs-wrap-3978 .ult-span-text'  data-responsive-json-new='{\"font-size\":\"desktop:24px;\",\"line-height\":\"\"}'  class=\"ult-span-text no_icon ult_tab_display_text ult-responsive\" style=\";\">Finan\u0163area<\/span>\r\n\t\t\t\t\t   \t\t<\/span>\r\n\t\t\t\t\t\t<\/span>\r\n\t\t\t\t\t<\/a>\r\n\t\t\t\t\t<\/li><li class=\"ult_tab_li  \" data-iconcolor=\"#74777b\" data-iconhover=\"#ffffff\" style=\"background-color:#e7ecea;border-color:transparent;border-width:0px;border-style:solid;border-top-right-radius:8px;\">\r\n\t\t\t\t\t<a href=\"#1497482793347-2-9\"  id=\"1497482793347-2-9\"  style=\"color:#000000;;   \" class=\"ult_a  \">\r\n\t\t\t\t\t     <span class=\"ult_tab_main Both \">\r\n\t\t\t\t\t \t\t <span class=\"ult_tab_section\">\r\n\t\t\t\t\t   \t\t\t<span  data-ultimate-target='#advanced-tabs-wrap-3978 .ult-span-text'  data-responsive-json-new='{\"font-size\":\"desktop:24px;\",\"line-height\":\"\"}'  class=\"ult-span-text no_icon ult_tab_display_text ult-responsive\" style=\";\"> Transparen\u0163a<\/span>\r\n\t\t\t\t\t   \t\t<\/span>\r\n\t\t\t\t\t\t<\/span>\r\n\t\t\t\t\t<\/a>\r\n\t\t\t\t\t<\/li><\/ul><div  data-ultimate-target='#advanced-tabs-desc-wrap-5069 .ult_tabcontent .ult_tab_min_contain  p'  data-responsive-json-new='{\"font-size\":\"\",\"line-height\":\"\"}' class=\"ult_tabcontent ult-responsive style1\" style=\"border-style:solid; border-radius:3px; border-color:#2589ed;color:#74777b;\"><div class=\"ult_tab_min_contain \" >\n\t\t\t<div  class=\"ult_tabitemname\"  >\n\t\t\t\t<h6 style=\"font-size: 18px;line-height: 20px;text-align: left\" class=\"vc_custom_heading vc_custom_1508968135401\" >FHC este o organiza\u0163ie non-profit \u015fi non-politic\u0103 \u00eenregistrat\u0103 \u00een Bucure\u015fti, Rom\u00e2nia. Scopul s\u0103u este de a suporta costurile de func\u0163ionare a slujbei biserice\u015fti, asigurarea p\u0103str\u0103rii bunei func\u0163ionari general\u0103 a cl\u0103dirii \u015fi a terenului bisericii, ca monument istoric. Totodat\u0103, ne dorim s\u0103 \u00eei extindem implicarea \u00een comunitatea pe care o deserve\u015fte.<\/h6>\n\t\t\t<\/div>\n\t\t\t<div  class=\"ult_tabitemname\"  >\n\t\t\t\t<h6 style=\"font-size: 18px;line-height: 20px;text-align: left\" class=\"vc_custom_heading vc_custom_1508968670706\" >Finan\u0163area acestui proiect se datoreaz\u0103 contribu\u0163iilor membrilor, prin dona\u0163ii, dot\u0103ri \u015fi alte forme de str\u00e2ngere de fonduri. To\u0163i demnitarii \u015fi voluntarii contribuie cu timp \u015fi \u00ee\u015fi pun la dispozi\u0163ie resursele, atunci c\u00e2nd este posibil.<\/h6>\n\t\t\t<\/div>\n\t\t\t<div  class=\"ult_tabitemname\"  >\n\t\t\t\t\n\t<div class=\"wpb_text_column wpb_content_element  vc_custom_1508968731005\" >\n\t\t<div class=\"wpb_wrapper\">\n\t\t\t<h6 style=\"font-size: 18px; line-height: 20px;\">Transparen\u0163a este o valoare fundamental\u0103, pe care am \u00eencorporat-o \u00een obiectivele, strategia \u015fi planurile noastre \u015fi \u00een managementul financiar. Pentru a afla mai multe despre actul constitutiv, statutul, obiectivele pe termen scurt \u015fi administrarea capitalului de \u00eencredere, v\u0103 invit\u0103m s\u0103 parcurge\u0163i <a href=\"#\">aceast\u0103 sec\u0163iune.<\/a><\/h6>\n\n\t\t<\/div>\n\t<\/div>\n\n\t\t\t<\/div><\/div><\/div><\/div><div class=\"ult_acord advanced-tabs-desc-wrap-5069\">\r\n   <div class=\"ult-tabto-accordion \" style=\"width:;\"\r\n    data-titlecolor=\"#000000\"  data-titlebg=\"#e7ecea\"\r\n     data-titlehoverbg=\"#4f90d1\" data-titlehovercolor=\"#ffffff\" data-animation=\"Slide\"\r\n     data-activetitle=\"#ffffff\" data-activeicon=\"\" data-activebg=\"#5aa1e3\" data-scroll = \"on\" data-activeindex=\"1\" >\r\n     <dl><dt class=\"\">\r\n\t        \t<a class=\"ult-tabto-actitle withBorder ult_a \" id=\"5ed30e5a-f1e0-1\" style=\"color:#000000;;background-color:#e7ecea;border-bottom-color:transparent;border-bottom-width:0px;border-bottom-style:solid;\" href=\"#5ed30e5a-f1e0-1\">\r\n\t        \t\t<i class=\"accordion-icon\"><\/i>\r\n\t        \t\t\t<span class=\"ult_tab_main ult_ac_main ult_noacordicnBoth\">\r\n\r\n\t\t\t\t\t\t<span  data-ultimate-target='#advanced-tabs-wrap-3978 .ult-span-text'  data-responsive-json-new='{\"font-size\":\"desktop:24px;\",\"line-height\":\"\"}'  class=\"ult-span-text no_icon ult_acordian-text ult-responsive\" style=\";color:inherit \" >Scopul<\/span>\r\n\t\t\t\t\t\t<\/span><\/a><\/dt>\r\n\t            \t\t<dd class=\"ult-tabto-accordionItem ult-tabto-accolapsed\">\r\n\t\t\t\t            <div class=\"ult-tabto-acontent\" style=\"border-style:solid; border-radius:3px; border-color:#2589ed;color:#74777b;\">\r\n\t\t\t\t               <h6 style=\"font-size: 18px;line-height: 20px;text-align: left\" class=\"vc_custom_heading vc_custom_1508968135401\" >FHC este o organiza\u0163ie non-profit \u015fi non-politic\u0103 \u00eenregistrat\u0103 \u00een Bucure\u015fti, Rom\u00e2nia. Scopul s\u0103u este de a suporta costurile de func\u0163ionare a slujbei biserice\u015fti, asigurarea p\u0103str\u0103rii bunei func\u0163ionari general\u0103 a cl\u0103dirii \u015fi a terenului bisericii, ca monument istoric. Totodat\u0103, ne dorim s\u0103 \u00eei extindem implicarea \u00een comunitatea pe care o deserve\u015fte.<\/h6>\r\n\t\t\t\t            <\/div>\r\n\t        \t\t\t<\/dd><dt class=\"\">\r\n\t        \t<a class=\"ult-tabto-actitle withBorder ult_a \" id=\"502462e7-738a-3\" style=\"color:#000000;;background-color:#e7ecea;border-bottom-color:transparent;border-bottom-width:0px;border-bottom-style:solid;border-bottom-color:transparent;border-bottom-width:0px;border-bottom-style:solid;\" href=\"#502462e7-738a-3\">\r\n\t        \t\t<i class=\"accordion-icon\"><\/i>\r\n\t        \t\t\t<span class=\"ult_tab_main ult_ac_main ult_noacordicnBoth\">\r\n\r\n\t\t\t\t\t\t<span  data-ultimate-target='#advanced-tabs-wrap-3978 .ult-span-text'  data-responsive-json-new='{\"font-size\":\"desktop:24px;\",\"line-height\":\"\"}'  class=\"ult-span-text no_icon ult_acordian-text ult-responsive\" style=\";color:inherit \" >Finan\u0163area<\/span>\r\n\t\t\t\t\t\t<\/span><\/a><\/dt>\r\n\t            \t\t<dd class=\"ult-tabto-accordionItem ult-tabto-accolapsed\">\r\n\t\t\t\t            <div class=\"ult-tabto-acontent\" style=\"border-style:solid; border-radius:3px; border-color:#2589ed;color:#74777b;\">\r\n\t\t\t\t               <h6 style=\"font-size: 18px;line-height: 20px;text-align: left\" class=\"vc_custom_heading vc_custom_1508968670706\" >Finan\u0163area acestui proiect se datoreaz\u0103 contribu\u0163iilor membrilor, prin dona\u0163ii, dot\u0103ri \u015fi alte forme de str\u00e2ngere de fonduri. To\u0163i demnitarii \u015fi voluntarii contribuie cu timp \u015fi \u00ee\u015fi pun la dispozi\u0163ie resursele, atunci c\u00e2nd este posibil.<\/h6>\r\n\t\t\t\t            <\/div>\r\n\t        \t\t\t<\/dd><dt class=\"\">\r\n\t        \t<a class=\"ult-tabto-actitle withBorder ult_a \" id=\"1497482793347-2-9\" style=\"color:#000000;;background-color:#e7ecea;border-bottom-color:transparent;border-bottom-width:0px;border-bottom-style:solid;border-bottom-color:transparent;border-bottom-width:0px;border-bottom-style:solid;border-bottom-color:transparent;border-bottom-width:0px;border-bottom-style:solid;\" href=\"#1497482793347-2-9\">\r\n\t        \t\t<i class=\"accordion-icon\"><\/i>\r\n\t        \t\t\t<span class=\"ult_tab_main ult_ac_main ult_noacordicnBoth\">\r\n\r\n\t\t\t\t\t\t<span  data-ultimate-target='#advanced-tabs-wrap-3978 .ult-span-text'  data-responsive-json-new='{\"font-size\":\"desktop:24px;\",\"line-height\":\"\"}'  class=\"ult-span-text no_icon ult_acordian-text ult-responsive\" style=\";color:inherit \" > Transparen\u0163a<\/span>\r\n\t\t\t\t\t\t<\/span><\/a><\/dt>\r\n\t            \t\t<dd class=\"ult-tabto-accordionItem ult-tabto-accolapsed\">\r\n\t\t\t\t            <div class=\"ult-tabto-acontent\" style=\"border-style:solid; border-radius:3px; border-color:#2589ed;color:#74777b;\">\r\n\t\t\t\t               \n\t<div class=\"wpb_text_column wpb_content_element  vc_custom_1508968731005\" >\n\t\t<div class=\"wpb_wrapper\">\n\t\t\t<h6 style=\"font-size: 18px; line-height: 20px;\">Transparen\u0163a este o valoare fundamental\u0103, pe care am \u00eencorporat-o \u00een obiectivele, strategia \u015fi planurile noastre \u015fi \u00een managementul financiar. Pentru a afla mai multe despre actul constitutiv, statutul, obiectivele pe termen scurt \u015fi administrarea capitalului de \u00eencredere, v\u0103 invit\u0103m s\u0103 parcurge\u0163i <a href=\"#\">aceast\u0103 sec\u0163iune.<\/a><\/h6>\n\n\t\t<\/div>\n\t<\/div>\n\r\n\t\t\t\t            <\/div>\r\n\t        \t\t\t<\/dd>\r\n    \t<\/dl>\r\n    <!--<div class=\"extraborder\" style=\"background-color:#4f90d1\"><\/div>-->\r\n<\/div>\r\n\r\n<\/div><\/div><\/div><\/div><div class=\"wpb_column vc_column_container vc_col-sm-2\"><div class=\"vc_column-inner\"><div class=\"wpb_wrapper\"><\/div><\/div><\/div><\/div><div class=\"vc_row-full-width vc_clearfix\"><\/div><div data-vc-full-width=\"true\" data-vc-full-width-init=\"false\" data-vc-stretch-content=\"true\" data-vc-parallax=\"1.5\" data-vc-parallax-image=\"https:\/\/friendshc.org\/wp-content\/uploads\/2017\/06\/Church-of-the-Annunciation-Hellenic-Church-in-Bucharest-min.png\" class=\"vc_row wpb_row vc_row-fluid vc_row-has-fill vc_general vc_parallax vc_parallax-content-moving\"><div class=\"wpb_column vc_column_container vc_col-sm-12\"><div class=\"vc_column-inner\"><div class=\"wpb_wrapper\"><div class=\"vc_empty_space\"   style=\"height: 75px\"><span class=\"vc_empty_space_inner\"><\/span><\/div><div class=\"vc_row wpb_row vc_inner vc_row-fluid\"><div class=\"wpb_column vc_column_container vc_col-sm-3\"><div class=\"vc_column-inner\"><div class=\"wpb_wrapper\"><div class=\"vc_btn3-container vc_btn3-inline vc_custom_1520890426599\" ><a class=\"vc_general vc_btn3 vc_btn3-size-md vc_btn3-shape-square vc_btn3-style-flat vc_btn3-color-sky\" href=\"http:\/\/friendshc.org\/ro\/support-fhc-general\/\" title=\"\">Vede\u0163i cum pute\u0163i face diferen\u0163a<\/a><\/div><\/div><\/div><\/div><div class=\"wpb_column vc_column_container vc_col-sm-3\"><div class=\"vc_column-inner\"><div class=\"wpb_wrapper\"><\/div><\/div><\/div><div class=\"wpb_column vc_column_container vc_col-sm-3\"><div class=\"vc_column-inner\"><div class=\"wpb_wrapper\"><\/div><\/div><\/div><div class=\"wpb_column vc_column_container vc_col-sm-3\"><div class=\"vc_column-inner\"><div class=\"wpb_wrapper\"><\/div><\/div><\/div><\/div><div class=\"vc_empty_space\"   style=\"height: 325px\"><span class=\"vc_empty_space_inner\"><\/span><\/div><\/div><\/div><\/div><\/div><div class=\"vc_row-full-width vc_clearfix\"><\/div><!-- Row Backgrounds --><div class=\"upb_bg_img\" data-ultimate-bg=\"url(https:\/\/friendshc.org\/wp-content\/uploads\/2017\/06\/Church-of-the-Annunciation-Hellenic-Church-in-Bucharest-min.png)\" data-image-id=\"id^225|url^http:\/\/friendshc.org\/wp-content\/uploads\/2017\/06\/Church-of-the-Annunciation-Hellenic-Church-in-Bucharest-min.png|caption^null|alt^null|title^Church of the Annunciation Hellenic Church in Bucharest-min|description^null\" data-ultimate-bg-style=\"vcpb-vz-jquery\" data-bg-img-repeat=\"no-repeat\" data-bg-img-size=\"cover\" data-bg-img-position=\"\" data-parallx_sense=\"30\" data-bg-override=\"0\" data-bg_img_attach=\"scroll\" data-upb-overlay-color=\"\" data-upb-bg-animation=\"\" data-fadeout=\"\" data-bg-animation=\"left-animation\" data-bg-animation-type=\"h\" data-animation-repeat=\"repeat\" data-fadeout-percentage=\"30\" data-parallax-content=\"\" data-parallax-content-sense=\"30\" data-row-effect-mobile-disable=\"true\" data-img-parallax-mobile-disable=\"true\" data-rtl=\"false\"  data-custom-vc-row=\"\"  data-vc=\"6.9.0\"  data-is_old_vc=\"\"  data-theme-support=\"\"   data-overlay=\"false\" data-overlay-color=\"\" data-overlay-pattern=\"\" data-overlay-pattern-opacity=\"\" data-overlay-pattern-size=\"\"    ><\/div>\n","protected":false},"excerpt":{"rendered":"Misiunea noastr\u0103 Deservirea comunit\u0103\u0163ii prin facilitarea \u015fi sus\u0163inerea func\u0163ion\u0103rii ne\u00eentrerupte a Bisericii Buna Vestire, hr\u0103nind spiritul generozit\u0103\u0163ii cu care aceast\u0103 Biseric\u0103 a fost \u00eenzestrat\u0103, respect\u00e2ndu-i valorile<span class=\"excerpt-hellip\"> [\u2026]<\/span>","protected":false},"author":6,"featured_media":0,"parent":0,"menu_order":0,"comment_status":"closed","ping_status":"closed","template":"","meta":[],"yoast_head":"<!-- This site is optimized with the Yoast SEO plugin v20.5 - https:\/\/yoast.com\/wordpress\/plugins\/seo\/ -->\n<title>Misunea noastr\u0103 - Friends of the Hellenic Church of Bucharest<\/title>\n<meta name=\"robots\" content=\"index, follow, max-snippet:-1, max-image-preview:large, max-video-preview:-1\" \/>\n<link rel=\"canonical\" href=\"https:\/\/friendshc.org\/ro\/our-mission\/\" \/>\n<meta property=\"og:locale\" content=\"ro_RO\" \/>\n<meta property=\"og:type\" content=\"article\" \/>\n<meta property=\"og:title\" content=\"Misunea noastr\u0103 - Friends of the Hellenic Church of Bucharest\" \/>\n<meta property=\"og:url\" content=\"https:\/\/friendshc.org\/ro\/our-mission\/\" \/>\n<meta property=\"og:site_name\" content=\"Friends of the Hellenic Church of Bucharest\" \/>\n<meta property=\"article:modified_time\" content=\"2018-03-30T15:58:19+00:00\" \/>\n<meta name=\"twitter:card\" content=\"summary_large_image\" \/>\n<meta name=\"twitter:label1\" content=\"Timp estimat pentru citire\" \/>\n\t<meta name=\"twitter:data1\" content=\"5 minute\" \/>\n<script type=\"application\/ld+json\" class=\"yoast-schema-graph\">{\"@context\":\"https:\/\/schema.org\",\"@graph\":[{\"@type\":\"WebPage\",\"@id\":\"https:\/\/friendshc.org\/ro\/our-mission\/\",\"url\":\"https:\/\/friendshc.org\/ro\/our-mission\/\",\"name\":\"Misunea noastr\u0103 - Friends of the Hellenic Church of Bucharest\",\"isPartOf\":{\"@id\":\"https:\/\/friendshc.org\/#website\"},\"datePublished\":\"2017-06-12T21:00:11+00:00\",\"dateModified\":\"2018-03-30T15:58:19+00:00\",\"breadcrumb\":{\"@id\":\"https:\/\/friendshc.org\/ro\/our-mission\/#breadcrumb\"},\"inLanguage\":\"ro-RO\",\"potentialAction\":[{\"@type\":\"ReadAction\",\"target\":[\"https:\/\/friendshc.org\/ro\/our-mission\/\"]}]},{\"@type\":\"BreadcrumbList\",\"@id\":\"https:\/\/friendshc.org\/ro\/our-mission\/#breadcrumb\",\"itemListElement\":[{\"@type\":\"ListItem\",\"position\":1,\"name\":\"Home\",\"item\":\"https:\/\/friendshc.org\/\"},{\"@type\":\"ListItem\",\"position\":2,\"name\":\"Misunea noastr\u0103\"}]},{\"@type\":\"WebSite\",\"@id\":\"https:\/\/friendshc.org\/#website\",\"url\":\"https:\/\/friendshc.org\/\",\"name\":\"Friends of the Hellenic Church of Bucharest\",\"description\":\"Nourishing the spirit that nourishes us\",\"potentialAction\":[{\"@type\":\"SearchAction\",\"target\":{\"@type\":\"EntryPoint\",\"urlTemplate\":\"https:\/\/friendshc.org\/?s={search_term_string}\"},\"query-input\":\"required name=search_term_string\"}],\"inLanguage\":\"ro-RO\"}]}<\/script>\n<!-- \/ Yoast SEO plugin. -->","yoast_head_json":{"title":"Misunea noastr\u0103 - Friends of the Hellenic Church of Bucharest","robots":{"index":"index","follow":"follow","max-snippet":"max-snippet:-1","max-image-preview":"max-image-preview:large","max-video-preview":"max-video-preview:-1"},"canonical":"https:\/\/friendshc.org\/ro\/our-mission\/","og_locale":"ro_RO","og_type":"article","og_title":"Misunea noastr\u0103 - Friends of the Hellenic Church of Bucharest","og_url":"https:\/\/friendshc.org\/ro\/our-mission\/","og_site_name":"Friends of the Hellenic Church of Bucharest","article_modified_time":"2018-03-30T15:58:19+00:00","twitter_card":"summary_large_image","twitter_misc":{"Timp estimat pentru citire":"5 minute"},"schema":{"@context":"https:\/\/schema.org","@graph":[{"@type":"WebPage","@id":"https:\/\/friendshc.org\/ro\/our-mission\/","url":"https:\/\/friendshc.org\/ro\/our-mission\/","name":"Misunea noastr\u0103 - Friends of the Hellenic Church of Bucharest","isPartOf":{"@id":"https:\/\/friendshc.org\/#website"},"datePublished":"2017-06-12T21:00:11+00:00","dateModified":"2018-03-30T15:58:19+00:00","breadcrumb":{"@id":"https:\/\/friendshc.org\/ro\/our-mission\/#breadcrumb"},"inLanguage":"ro-RO","potentialAction":[{"@type":"ReadAction","target":["https:\/\/friendshc.org\/ro\/our-mission\/"]}]},{"@type":"BreadcrumbList","@id":"https:\/\/friendshc.org\/ro\/our-mission\/#breadcrumb","itemListElement":[{"@type":"ListItem","position":1,"name":"Home","item":"https:\/\/friendshc.org\/"},{"@type":"ListItem","position":2,"name":"Misunea noastr\u0103"}]},{"@type":"WebSite","@id":"https:\/\/friendshc.org\/#website","url":"https:\/\/friendshc.org\/","name":"Friends of the Hellenic Church of Bucharest","description":"Nourishing the spirit that nourishes us","potentialAction":[{"@type":"SearchAction","target":{"@type":"EntryPoint","urlTemplate":"https:\/\/friendshc.org\/?s={search_term_string}"},"query-input":"required name=search_term_string"}],"inLanguage":"ro-RO"}]}},"_links":{"self":[{"href":"https:\/\/friendshc.org\/ro\/wp-json\/wp\/v2\/pages\/940"}],"collection":[{"href":"https:\/\/friendshc.org\/ro\/wp-json\/wp\/v2\/pages"}],"about":[{"href":"https:\/\/friendshc.org\/ro\/wp-json\/wp\/v2\/types\/page"}],"author":[{"embeddable":true,"href":"https:\/\/friendshc.org\/ro\/wp-json\/wp\/v2\/users\/6"}],"replies":[{"embeddable":true,"href":"https:\/\/friendshc.org\/ro\/wp-json\/wp\/v2\/comments?post=940"}],"version-history":[{"count":0,"href":"https:\/\/friendshc.org\/ro\/wp-json\/wp\/v2\/pages\/940\/revisions"}],"wp:attachment":[{"href":"https:\/\/friendshc.org\/ro\/wp-json\/wp\/v2\/media?parent=940"}],"curies":[{"name":"wp","href":"https:\/\/api.w.org\/{rel}","templated":true}]}}