{"id":929,"date":"2017-02-14T10:46:03","date_gmt":"2017-02-14T10:46:03","guid":{"rendered":"http:\/\/cytogenomic2.tredy.online\/home\/"},"modified":"2017-11-07T17:02:01","modified_gmt":"2017-11-07T17:02:01","slug":"home","status":"publish","type":"page","link":"https:\/\/friendshc.org\/ro\/home\/","title":{"rendered":"Acasa"},"content":{"rendered":"<div class=\"vc_row wpb_row vc_row-fluid\"><div class=\"wpb_column vc_column_container vc_col-sm-8\"><div class=\"vc_column-inner\"><div class=\"wpb_wrapper\"><div class=\"vc_row wpb_row vc_inner vc_row-fluid vc_custom_1496171993263 vc_row-o-equal-height vc_row-flex\"><div class=\"wpb_column vc_column_container vc_col-sm-6 vc_col-has-fill\"><div class=\"vc_column-inner vc_custom_1501421503048\"><div class=\"wpb_wrapper\">\n\t<div  class=\"wpb_single_image wpb_content_element vc_align_right  vc_custom_1496177573945\">\n\t\t\n\t\t<figure class=\"wpb_wrapper vc_figure\">\n\t\t\t<div class=\"vc_single_image-wrapper   vc_box_border_grey\"><img width=\"41\" height=\"50\" src=\"https:\/\/friendshc.org\/wp-content\/uploads\/2017\/02\/Icon-cross-complex.png\" class=\"vc_single_image-img attachment-thumbnail\" alt=\"\" loading=\"lazy\" title=\"Icon cross complex\" \/><\/div>\n\t\t<\/figure>\n\t<\/div>\n<h4 style=\"text-align: right\" class=\"vc_custom_heading\" >Istorie<\/h4><h5 style=\"text-align: right\" class=\"vc_custom_heading split\" >Perseveren\u021b\u0103, Credin\u021b\u0103, Binefacere<\/h5>\n\t<div class=\"wpb_text_column wpb_content_element  splitxt\" >\n\t\t<div class=\"wpb_wrapper\">\n\t\t\t<p style=\"text-align: right;\">Spre sf\u00e2r\u015fitul secolului al XIX-lea, diaspora greac\u0103 din Rom\u00e2nia era o comunitate \u00eenfloritoare.<br \/>\nAcest grup era extrem de hot\u0103r\u00e2t s\u0103-\u015fi f\u0103ureasc\u0103 propriul l\u0103ca\u015f de \u00eenchinare care s\u0103 reuneasc\u0103 simboluri specifice mo\u015ftenirii sale duale: tradi\u0163ia elenistic\u0103, ca piatr\u0103 de temelie a Europei moderne; credin\u0163a ortodox\u0103, ca far c\u0103l\u0103uzitor \u00eentru spiritualitate.<br \/>\nDar mai \u00eent\u00e2i, multe probleme trebuiau s\u0103 \u00ee\u015fi g\u0103seasc\u0103 rezolvarea \u015fi multe adversit\u0103\u0163i s\u0103 fie dep\u0103\u015fite.<\/p>\n\n\t\t<\/div>\n\t<\/div>\n\n\t<div class=\"wpb_text_column wpb_content_element \" >\n\t\t<div class=\"wpb_wrapper\">\n\t\t\t<p style=\"text-align: right;\"><a href=\"http:\/\/friendshc.org\/ro\/history\/\">Mai mult<\/a><\/p>\n\n\t\t<\/div>\n\t<\/div>\n<\/div><\/div><\/div><div class=\"landmark wpb_column vc_column_container vc_col-sm-6 vc_col-has-fill\"><div class=\"vc_column-inner vc_custom_1501421423863\"><div class=\"wpb_wrapper\">\n\t<div  class=\"wpb_single_image wpb_content_element vc_align_left  vc_custom_1499520233479\">\n\t\t\n\t\t<figure class=\"wpb_wrapper vc_figure\">\n\t\t\t<div class=\"vc_single_image-wrapper   vc_box_border_grey\"><img width=\"52\" height=\"50\" src=\"https:\/\/friendshc.org\/wp-content\/uploads\/2017\/02\/Icon-custom-column-ionic_52x50.png\" class=\"vc_single_image-img attachment-thumbnail\" alt=\"\" loading=\"lazy\" title=\"Icon custom column ionic_52x50\" srcset=\"https:\/\/friendshc.org\/wp-content\/uploads\/2017\/02\/Icon-custom-column-ionic_52x50.png 52w, https:\/\/friendshc.org\/wp-content\/uploads\/2017\/02\/Icon-custom-column-ionic_52x50-50x48.png 50w\" sizes=\"(max-width: 52px) 100vw, 52px\" \/><\/div>\n\t\t<\/figure>\n\t<\/div>\n<h4 style=\"text-align: left\" class=\"vc_custom_heading\" >Cl\u0103direa<\/h4><h5 style=\"text-align: left\" class=\"vc_custom_heading split\" >Simbol al Greciei, comoar\u0103 a Bucure\u0219tiului<\/h5>\n\t<div class=\"wpb_text_column wpb_content_element  splitxt\" >\n\t\t<div class=\"wpb_wrapper\">\n\t\t\t<p>Biserica Buna Vestire este important\u0103 datorit\u0103 frumuse\u0163ii sale, arhitecturii \u015fi semnifica\u0163iei istorice pe care o poart\u0103, fiind catalogat\u0103 ca monument istoric al Bucure\u015ftiului.<br \/>\nEste m\u00e2ndria comunit\u0103\u0163ii grece\u015fti din Bucure\u015fti, a prietenilor Greciei \u015fi a credincio\u015filor ortodoc\u015fi \u00een general.<\/p>\n\n\t\t<\/div>\n\t<\/div>\n\n\t<div class=\"wpb_text_column wpb_content_element  vc_custom_1510074086018 seemore\" >\n\t\t<div class=\"wpb_wrapper\">\n\t\t\t<p style=\"text-align: left; position: absolute; bottom: 36px; margin-top: auto;\"><a href=\"http:\/\/friendshc.org\/ro\/history\/\">Mai mult<\/a><\/p>\n\n\t\t<\/div>\n\t<\/div>\n<\/div><\/div><\/div><\/div><div class=\"vc_row wpb_row vc_inner vc_row-fluid vc_custom_1496171998894 vc_row-o-equal-height vc_row-flex\"><div class=\"wpb_column vc_column_container vc_col-sm-6 vc_col-has-fill\"><div class=\"vc_column-inner vc_custom_1496173198125\"><div class=\"wpb_wrapper\">\n\t<div  class=\"wpb_single_image wpb_content_element vc_align_right  vc_custom_1496177856651\">\n\t\t\n\t\t<figure class=\"wpb_wrapper vc_figure\">\n\t\t\t<div class=\"vc_single_image-wrapper   vc_box_border_grey\"><img width=\"43\" height=\"46\" src=\"https:\/\/friendshc.org\/wp-content\/uploads\/2017\/02\/Icon-community.png\" class=\"vc_single_image-img attachment-thumbnail\" alt=\"\" loading=\"lazy\" title=\"Icon community\" \/><\/div>\n\t\t<\/figure>\n\t<\/div>\n<h4 style=\"text-align: right\" class=\"vc_custom_heading\" >Comunitatea<\/h4><h5 style=\"text-align: right\" class=\"vc_custom_heading split\" >Unind Diaspora<\/h5>\n\t<div class=\"wpb_text_column wpb_content_element  splitxt\" >\n\t\t<div class=\"wpb_wrapper\">\n\t\t\t<p style=\"text-align: right;\">Biserica Buna Vestire este centrul spiritual al credin\u021bei cre\u0219tine ortodoxe grece\u0219ti \u00een Bucure\u0219ti. Conservarea, continuarea func\u021bion\u0103rii \u0219i promovarea valorilor pe care le \u00eentruchipeaz\u0103 sunt esen\u021biale pentru comunitatea greac\u0103 local\u0103.<\/p>\n\n\t\t<\/div>\n\t<\/div>\n<\/div><\/div><\/div><div class=\"wpb_column vc_column_container vc_col-sm-6 vc_col-has-fill\"><div class=\"vc_column-inner vc_custom_1499519376397\"><div class=\"wpb_wrapper\">\n\t<div  class=\"wpb_single_image wpb_content_element vc_align_left  vc_custom_1499521001692\">\n\t\t\n\t\t<figure class=\"wpb_wrapper vc_figure\">\n\t\t\t<div class=\"vc_single_image-wrapper   vc_box_border_grey\"><img width=\"53\" height=\"46\" src=\"https:\/\/friendshc.org\/wp-content\/uploads\/2017\/02\/Icon-Support-FHCB-Homepage-split-1.png\" class=\"vc_single_image-img attachment-thumbnail\" alt=\"\" loading=\"lazy\" title=\"Icon Support FHCB Homepage split\" srcset=\"https:\/\/friendshc.org\/wp-content\/uploads\/2017\/02\/Icon-Support-FHCB-Homepage-split-1.png 53w, https:\/\/friendshc.org\/wp-content\/uploads\/2017\/02\/Icon-Support-FHCB-Homepage-split-1-50x43.png 50w\" sizes=\"(max-width: 53px) 100vw, 53px\" \/><\/div>\n\t\t<\/figure>\n\t<\/div>\n<h4 style=\"text-align: left\" class=\"vc_custom_heading\" >Nevoile<\/h4><h5 style=\"text-align: left\" class=\"vc_custom_heading split\" >D\u0103ruire, Sacrificiu, Compasiune<\/h5>\n\t<div class=\"wpb_text_column wpb_content_element  splitxt\" >\n\t\t<div class=\"wpb_wrapper\">\n\t\t\t<p>Exist\u0103 mai multe feluri prin care ne pute\u0163i ajuta s\u0103 realiz\u0103m misiunea noastr\u0103 de oriunde din lume; fie prin timpul acordat, fie prin contribu\u0163ii financiare, fie printr-o combina\u0163ie a celor dou\u0103.<br \/>\nNiciun fel de gest nu este prea mic; orice efort conteaz\u0103 \u015fi poate face diferen\u0163a.<\/p>\n<p><a href=\"http:\/\/friendshc.org\/ro\/support-fhc-general\/\">Cum po\u0163i ajuta<\/a><\/p>\n\n\t\t<\/div>\n\t<\/div>\n<\/div><\/div><\/div><\/div><\/div><\/div><\/div><div class=\"wpb_column vc_column_container vc_col-sm-4\"><div class=\"vc_column-inner\"><div class=\"wpb_wrapper\"><div class=\"vc_row wpb_row vc_inner vc_row-fluid vc_row-o-content-middle vc_row-flex\"><div class=\"wpb_column vc_column_container vc_col-sm-12\"><div class=\"vc_column-inner\"><div class=\"wpb_wrapper\"><div class=\"ult-spacer spacer-69f593a9de525\" data-id=\"69f593a9de525\" data-height=\"40\" data-height-mobile=\"40\" data-height-tab=\"40\" data-height-tab-portrait=\"\" data-height-mobile-landscape=\"\" style=\"clear:both;display:block;\"><\/div>\n\t<div  class=\"wpb_single_image wpb_content_element vc_align_center  vc_custom_1499932516363\">\n\t\t\n\t\t<figure class=\"wpb_wrapper vc_figure\">\n\t\t\t<div class=\"vc_single_image-wrapper vc_box_shadow  vc_box_border_grey\"><img width=\"492\" height=\"1024\" src=\"https:\/\/friendshc.org\/wp-content\/uploads\/2017\/02\/Church-at-night-entrance-columns-min-492x1024.png\" class=\"vc_single_image-img attachment-large\" alt=\"\" loading=\"lazy\" title=\"Church at night entrance columns-min\" srcset=\"https:\/\/friendshc.org\/wp-content\/uploads\/2017\/02\/Church-at-night-entrance-columns-min-492x1024.png 492w, https:\/\/friendshc.org\/wp-content\/uploads\/2017\/02\/Church-at-night-entrance-columns-min-144x300.png 144w, https:\/\/friendshc.org\/wp-content\/uploads\/2017\/02\/Church-at-night-entrance-columns-min-768x1598.png 768w, https:\/\/friendshc.org\/wp-content\/uploads\/2017\/02\/Church-at-night-entrance-columns-min-70x146.png 70w, https:\/\/friendshc.org\/wp-content\/uploads\/2017\/02\/Church-at-night-entrance-columns-min-24x50.png 24w, https:\/\/friendshc.org\/wp-content\/uploads\/2017\/02\/Church-at-night-entrance-columns-min-36x75.png 36w, https:\/\/friendshc.org\/wp-content\/uploads\/2017\/02\/Church-at-night-entrance-columns-min.png 1552w\" sizes=\"(max-width: 492px) 100vw, 492px\" \/><\/div>\n\t\t<\/figure>\n\t<\/div>\n<\/div><\/div><\/div><\/div><\/div><\/div><\/div><\/div><div class=\"vc_row wpb_row vc_row-fluid vc_custom_1501419174161 vc_row-has-fill\"><div class=\"wpb_column vc_column_container vc_col-sm-12\"><div class=\"vc_column-inner\"><div class=\"wpb_wrapper\"><div class=\"vc_row wpb_row vc_inner vc_row-fluid\"><div class=\"wpb_column vc_column_container vc_col-sm-3\"><div class=\"vc_column-inner\"><div class=\"wpb_wrapper\"><\/div><\/div><\/div><div class=\"wpb_column vc_column_container vc_col-sm-6\"><div class=\"vc_column-inner\"><div class=\"wpb_wrapper\"><h2 style=\"text-align: center\" class=\"vc_custom_heading vc_custom_1508965044347\" >O oper\u0103 arhitectural\u0103 de o frumuse\u0163e atemporal\u0103<\/h2><\/div><\/div><\/div><div class=\"wpb_column vc_column_container vc_col-sm-3\"><div class=\"vc_column-inner\"><div class=\"wpb_wrapper\"><\/div><\/div><\/div><\/div><div class=\"vc_row wpb_row vc_inner vc_row-fluid\"><div class=\"wpb_column vc_column_container vc_col-sm-12\"><div class=\"vc_column-inner\"><div class=\"wpb_wrapper\">\n<div class=\"vc_grid-container-wrapper vc_clearfix vc_grid-animation-zoomIn\">\n\t<div class=\"vc_grid-container vc_clearfix wpb_content_element vc_masonry_media_grid\" data-initial-loading-animation=\"zoomIn\" data-vc-grid-settings=\"{&quot;page_id&quot;:929,&quot;style&quot;:&quot;all-masonry&quot;,&quot;action&quot;:&quot;vc_get_vc_grid_data&quot;,&quot;shortcode_id&quot;:&quot;1510074037893-7e26da93-d592-2&quot;,&quot;tag&quot;:&quot;vc_masonry_media_grid&quot;}\" data-vc-request=\"https:\/\/friendshc.org\/wp-admin\/admin-ajax.php?lang=ro\" data-vc-post-id=\"929\" data-vc-public-nonce=\"70029a4399\">\n\t\t\n\t<\/div>\n<\/div><\/div><\/div><\/div><\/div><div class=\"vc_row wpb_row vc_inner vc_row-fluid\"><div class=\"wpb_column vc_column_container vc_col-sm-3\"><div class=\"vc_column-inner\"><div class=\"wpb_wrapper\"><\/div><\/div><\/div><div class=\"wpb_column vc_column_container vc_col-sm-6\"><div class=\"vc_column-inner\"><div class=\"wpb_wrapper\"><h4 style=\"text-align: center\" class=\"vc_custom_heading vc_custom_1510074118371\" ><a href=\"http:\/\/cytogenomic2.tredy.online\/ro\/gallery\/\">Vezi <strong>Galeria de imagini<\/strong><\/a><\/h4><\/div><\/div><\/div><div class=\"wpb_column vc_column_container vc_col-sm-3\"><div class=\"vc_column-inner\"><div class=\"wpb_wrapper\"><\/div><\/div><\/div><\/div>\n\t<div  class=\"wpb_single_image wpb_content_element vc_align_center\">\n\t\t\n\t\t<figure class=\"wpb_wrapper vc_figure\">\n\t\t\t<div class=\"vc_single_image-wrapper   vc_box_border_grey\"><img class=\"vc_single_image-img \" src=\"https:\/\/friendshc.org\/wp-content\/uploads\/2017\/05\/Text-separator-floral-lauri.png\" width=\"116\" height=\"23\" alt=\"Text separator floral lauri\" title=\"Text separator floral lauri\" \/><\/div>\n\t\t<\/figure>\n\t<\/div>\n<\/div><\/div><\/div><\/div>\n","protected":false},"excerpt":{"rendered":"IstoriePerseveren\u021b\u0103, Credin\u021b\u0103, Binefacere Spre sf\u00e2r\u015fitul secolului al XIX-lea, diaspora greac\u0103 din Rom\u00e2nia era o comunitate \u00eenfloritoare. Acest grup era extrem de hot\u0103r\u00e2t s\u0103-\u015fi f\u0103ureasc\u0103 propriul l\u0103ca\u015f<span class=\"excerpt-hellip\"> [\u2026]<\/span>","protected":false},"author":6,"featured_media":0,"parent":0,"menu_order":0,"comment_status":"closed","ping_status":"open","template":"","meta":[],"yoast_head":"<!-- This site is optimized with the Yoast SEO plugin v20.5 - https:\/\/yoast.com\/wordpress\/plugins\/seo\/ -->\n<title>Acasa - Friends of the Hellenic Church of Bucharest<\/title>\n<meta name=\"robots\" content=\"index, follow, max-snippet:-1, max-image-preview:large, max-video-preview:-1\" \/>\n<link rel=\"canonical\" href=\"https:\/\/friendshc.org\/ro\/home\/\" \/>\n<meta property=\"og:locale\" content=\"ro_RO\" \/>\n<meta property=\"og:type\" content=\"article\" \/>\n<meta property=\"og:title\" content=\"Acasa - Friends of the Hellenic Church of Bucharest\" \/>\n<meta property=\"og:url\" content=\"https:\/\/friendshc.org\/ro\/home\/\" \/>\n<meta property=\"og:site_name\" content=\"Friends of the Hellenic Church of Bucharest\" \/>\n<meta property=\"article:modified_time\" content=\"2017-11-07T17:02:01+00:00\" \/>\n<meta name=\"twitter:card\" content=\"summary_large_image\" \/>\n<meta name=\"twitter:label1\" content=\"Timp estimat pentru citire\" \/>\n\t<meta name=\"twitter:data1\" content=\"4 minute\" \/>\n<script type=\"application\/ld+json\" class=\"yoast-schema-graph\">{\"@context\":\"https:\/\/schema.org\",\"@graph\":[{\"@type\":\"WebPage\",\"@id\":\"https:\/\/friendshc.org\/ro\/home\/\",\"url\":\"https:\/\/friendshc.org\/ro\/home\/\",\"name\":\"Acasa - Friends of the Hellenic Church of Bucharest\",\"isPartOf\":{\"@id\":\"https:\/\/friendshc.org\/#website\"},\"datePublished\":\"2017-02-14T10:46:03+00:00\",\"dateModified\":\"2017-11-07T17:02:01+00:00\",\"breadcrumb\":{\"@id\":\"https:\/\/friendshc.org\/ro\/home\/#breadcrumb\"},\"inLanguage\":\"ro-RO\",\"potentialAction\":[{\"@type\":\"ReadAction\",\"target\":[\"https:\/\/friendshc.org\/ro\/home\/\"]}]},{\"@type\":\"BreadcrumbList\",\"@id\":\"https:\/\/friendshc.org\/ro\/home\/#breadcrumb\",\"itemListElement\":[{\"@type\":\"ListItem\",\"position\":1,\"name\":\"Home\",\"item\":\"https:\/\/friendshc.org\/\"},{\"@type\":\"ListItem\",\"position\":2,\"name\":\"Acasa\"}]},{\"@type\":\"WebSite\",\"@id\":\"https:\/\/friendshc.org\/#website\",\"url\":\"https:\/\/friendshc.org\/\",\"name\":\"Friends of the Hellenic Church of Bucharest\",\"description\":\"Nourishing the spirit that nourishes us\",\"potentialAction\":[{\"@type\":\"SearchAction\",\"target\":{\"@type\":\"EntryPoint\",\"urlTemplate\":\"https:\/\/friendshc.org\/?s={search_term_string}\"},\"query-input\":\"required name=search_term_string\"}],\"inLanguage\":\"ro-RO\"}]}<\/script>\n<!-- \/ Yoast SEO plugin. -->","yoast_head_json":{"title":"Acasa - Friends of the Hellenic Church of Bucharest","robots":{"index":"index","follow":"follow","max-snippet":"max-snippet:-1","max-image-preview":"max-image-preview:large","max-video-preview":"max-video-preview:-1"},"canonical":"https:\/\/friendshc.org\/ro\/home\/","og_locale":"ro_RO","og_type":"article","og_title":"Acasa - Friends of the Hellenic Church of Bucharest","og_url":"https:\/\/friendshc.org\/ro\/home\/","og_site_name":"Friends of the Hellenic Church of Bucharest","article_modified_time":"2017-11-07T17:02:01+00:00","twitter_card":"summary_large_image","twitter_misc":{"Timp estimat pentru citire":"4 minute"},"schema":{"@context":"https:\/\/schema.org","@graph":[{"@type":"WebPage","@id":"https:\/\/friendshc.org\/ro\/home\/","url":"https:\/\/friendshc.org\/ro\/home\/","name":"Acasa - Friends of the Hellenic Church of Bucharest","isPartOf":{"@id":"https:\/\/friendshc.org\/#website"},"datePublished":"2017-02-14T10:46:03+00:00","dateModified":"2017-11-07T17:02:01+00:00","breadcrumb":{"@id":"https:\/\/friendshc.org\/ro\/home\/#breadcrumb"},"inLanguage":"ro-RO","potentialAction":[{"@type":"ReadAction","target":["https:\/\/friendshc.org\/ro\/home\/"]}]},{"@type":"BreadcrumbList","@id":"https:\/\/friendshc.org\/ro\/home\/#breadcrumb","itemListElement":[{"@type":"ListItem","position":1,"name":"Home","item":"https:\/\/friendshc.org\/"},{"@type":"ListItem","position":2,"name":"Acasa"}]},{"@type":"WebSite","@id":"https:\/\/friendshc.org\/#website","url":"https:\/\/friendshc.org\/","name":"Friends of the Hellenic Church of Bucharest","description":"Nourishing the spirit that nourishes us","potentialAction":[{"@type":"SearchAction","target":{"@type":"EntryPoint","urlTemplate":"https:\/\/friendshc.org\/?s={search_term_string}"},"query-input":"required name=search_term_string"}],"inLanguage":"ro-RO"}]}},"_links":{"self":[{"href":"https:\/\/friendshc.org\/ro\/wp-json\/wp\/v2\/pages\/929"}],"collection":[{"href":"https:\/\/friendshc.org\/ro\/wp-json\/wp\/v2\/pages"}],"about":[{"href":"https:\/\/friendshc.org\/ro\/wp-json\/wp\/v2\/types\/page"}],"author":[{"embeddable":true,"href":"https:\/\/friendshc.org\/ro\/wp-json\/wp\/v2\/users\/6"}],"replies":[{"embeddable":true,"href":"https:\/\/friendshc.org\/ro\/wp-json\/wp\/v2\/comments?post=929"}],"version-history":[{"count":0,"href":"https:\/\/friendshc.org\/ro\/wp-json\/wp\/v2\/pages\/929\/revisions"}],"wp:attachment":[{"href":"https:\/\/friendshc.org\/ro\/wp-json\/wp\/v2\/media?parent=929"}],"curies":[{"name":"wp","href":"https:\/\/api.w.org\/{rel}","templated":true}]}}