{"id":924,"date":"2017-07-19T21:23:16","date_gmt":"2017-07-19T21:23:16","guid":{"rendered":"http:\/\/cytogenomic2.tredy.online\/contact-fhc\/"},"modified":"2026-02-17T16:04:53","modified_gmt":"2026-02-17T16:04:53","slug":"contact-fhc","status":"publish","type":"page","link":"https:\/\/friendshc.org\/ro\/contact-fhc\/","title":{"rendered":"Contact romana"},"content":{"rendered":"<div data-vc-full-width=\"true\" data-vc-full-width-init=\"false\" data-vc-stretch-content=\"true\" class=\"vc_row wpb_row vc_row-fluid vc_custom_1500923501203 vc_row-has-fill vc_row-no-padding\"><div class=\"wpb_column vc_column_container vc_col-sm-12\"><div class=\"vc_column-inner\"><div class=\"wpb_wrapper\"><\/div><\/div><\/div><\/div><div class=\"vc_row-full-width vc_clearfix\"><\/div><div data-vc-full-width=\"true\" data-vc-full-width-init=\"false\" data-vc-stretch-content=\"true\" class=\"vc_row wpb_row vc_row-fluid vc_row-o-content-middle vc_row-flex\"><div class=\"wpb_column vc_column_container vc_col-sm-3\"><div class=\"vc_column-inner\"><div class=\"wpb_wrapper\"><\/div><\/div><\/div><div class=\"wpb_column vc_column_container vc_col-sm-6\"><div class=\"vc_column-inner\"><div class=\"wpb_wrapper\"><h2 style=\"text-align: center\" class=\"vc_custom_heading\" >Contact<\/h2>\n\t<div  class=\"wpb_single_image wpb_content_element vc_align_center  vc_custom_1499522494251\">\n\t\t\n\t\t<figure class=\"wpb_wrapper vc_figure\">\n\t\t\t<div class=\"vc_single_image-wrapper   vc_box_border_grey\"><img width=\"116\" height=\"23\" src=\"https:\/\/friendshc.org\/wp-content\/uploads\/2017\/05\/Text-separator-floral-lauri.png\" class=\"vc_single_image-img attachment-full\" alt=\"\" loading=\"lazy\" title=\"Text separator floral lauri\" srcset=\"https:\/\/friendshc.org\/wp-content\/uploads\/2017\/05\/Text-separator-floral-lauri.png 116w, https:\/\/friendshc.org\/wp-content\/uploads\/2017\/05\/Text-separator-floral-lauri-50x10.png 50w\" sizes=\"(max-width: 116px) 100vw, 116px\" \/><\/div>\n\t\t<\/figure>\n\t<\/div>\n<h4 style=\"line-height: 22px;text-align: center\" class=\"vc_custom_heading vc_custom_1508966154115\" >Ne bucur\u0103m mereu s\u0103 ne-auzim cu prieteni vechi sau abia cunoscu\u0163i<\/h4><div class=\"vc_empty_space\"   style=\"height: 32px\"><span class=\"vc_empty_space_inner\"><\/span><\/div><\/div><\/div><\/div><div class=\"wpb_column vc_column_container vc_col-sm-3\"><div class=\"vc_column-inner\"><div class=\"wpb_wrapper\"><\/div><\/div><\/div><\/div><div class=\"vc_row-full-width vc_clearfix\"><\/div><div data-vc-full-width=\"true\" data-vc-full-width-init=\"false\" data-vc-stretch-content=\"true\" class=\"vc_row wpb_row vc_row-fluid vc_custom_1500464977742 vc_row-has-fill\"><div class=\"wpb_column vc_column_container vc_col-sm-12\"><div class=\"vc_column-inner\"><div class=\"wpb_wrapper\"><div class=\"vc_row wpb_row vc_inner vc_row-fluid\"><div class=\"wpb_column vc_column_container vc_col-sm-2\"><div class=\"vc_column-inner\"><div class=\"wpb_wrapper\"><\/div><\/div><\/div><div class=\"wpb_column vc_column_container vc_col-sm-8\"><div class=\"vc_column-inner vc_custom_1500465261389\"><div class=\"wpb_wrapper\"><h4 style=\"color: #ffffff;line-height: 28px;text-align: center\" class=\"vc_custom_heading\" >Dac\u0103 dori\u0163i s\u0103 afla\u0163i mai multe despre Biserica Bunei Vestiri, obiectivele Asocia\u0163iei sau dac\u0103 ave\u0163i orice fel de \u00eentreb\u0103ri, v\u0103 invit\u0103m s\u0103 ne contacta\u0163i.<\/h4><\/div><\/div><\/div><div class=\"wpb_column vc_column_container vc_col-sm-2\"><div class=\"vc_column-inner\"><div class=\"wpb_wrapper\"><\/div><\/div><\/div><\/div><\/div><\/div><\/div><\/div><div class=\"vc_row-full-width vc_clearfix\"><\/div><div class=\"vc_row wpb_row vc_row-fluid vc_custom_1500923512840 vc_row-has-fill\"><div class=\"wpb_column vc_column_container vc_col-sm-12\"><div class=\"vc_column-inner\"><div class=\"wpb_wrapper\"><div class=\"vc_row wpb_row vc_inner vc_row-fluid vc_custom_1500923450744 vc_column-gap-10 vc_row-o-equal-height vc_row-flex\"><div class=\"wpb_column vc_column_container vc_col-sm-6\"><div class=\"vc_column-inner vc_custom_1500500702964\"><div class=\"wpb_wrapper\"><div class=\"wpb_gmaps_widget wpb_content_element\"><div class=\"wpb_wrapper\"><div class=\"wpb_map_wraper\"><iframe src=\"https:\/\/www.google.com\/maps\/embed?pb=!1m18!1m12!1m3!1d2846.7067198116347!2d26.083244983390802!3d44.480184023987!2m3!1f0!2f0!3f0!3m2!1i1024!2i768!4f13.1!3m3!1m2!1s0x40b2026857ec971d%3A0xc3e8b4963a4dbb0!2s%C8%98oseaua%20Nordului%2060g%2C%20077190%20Bucure%C8%99ti!5e0!3m2!1sro!2sro!4v1771343934934!5m2!1sro!2sro\" width=\"600\" height=\"450\" style=\"border:0;\" allowfullscreen=\"\" loading=\"lazy\" referrerpolicy=\"no-referrer-when-downgrade\"><\/iframe><\/div><\/div><\/div><\/div><\/div><\/div><div class=\"wpb_column vc_column_container vc_col-sm-6\"><div class=\"vc_column-inner vc_custom_1500500716496\"><div class=\"wpb_wrapper\">\n\t<div  class=\"wpb_single_image wpb_content_element vc_align_center\">\n\t\t\n\t\t<figure class=\"wpb_wrapper vc_figure\">\n\t\t\t<div class=\"vc_single_image-wrapper   vc_box_border_grey\"><img width=\"1024\" height=\"590\" src=\"https:\/\/friendshc.org\/wp-content\/uploads\/2017\/07\/CoA-side-view-from-Ferdinand-Bvd-daytime-1024x590.jpg\" class=\"vc_single_image-img attachment-large\" alt=\"\" loading=\"lazy\" title=\"CoA side view from Ferdinand Bvd daytime\" srcset=\"https:\/\/friendshc.org\/wp-content\/uploads\/2017\/07\/CoA-side-view-from-Ferdinand-Bvd-daytime-1024x590.jpg 1024w, https:\/\/friendshc.org\/wp-content\/uploads\/2017\/07\/CoA-side-view-from-Ferdinand-Bvd-daytime-300x173.jpg 300w, https:\/\/friendshc.org\/wp-content\/uploads\/2017\/07\/CoA-side-view-from-Ferdinand-Bvd-daytime-768x442.jpg 768w, https:\/\/friendshc.org\/wp-content\/uploads\/2017\/07\/CoA-side-view-from-Ferdinand-Bvd-daytime-253x146.jpg 253w, https:\/\/friendshc.org\/wp-content\/uploads\/2017\/07\/CoA-side-view-from-Ferdinand-Bvd-daytime-50x29.jpg 50w, https:\/\/friendshc.org\/wp-content\/uploads\/2017\/07\/CoA-side-view-from-Ferdinand-Bvd-daytime-130x75.jpg 130w\" sizes=\"(max-width: 1024px) 100vw, 1024px\" \/><\/div>\n\t\t<\/figure>\n\t<\/div>\n<\/div><\/div><\/div><\/div><\/div><\/div><\/div><\/div>\n","protected":false},"excerpt":{"rendered":"Contact Ne bucur\u0103m mereu s\u0103 ne-auzim cu prieteni vechi sau abia cunoscu\u0163iDac\u0103 dori\u0163i s\u0103 afla\u0163i mai multe despre Biserica Bunei Vestiri, obiectivele Asocia\u0163iei sau dac\u0103 ave\u0163i<span class=\"excerpt-hellip\"> [\u2026]<\/span>","protected":false},"author":6,"featured_media":0,"parent":0,"menu_order":0,"comment_status":"closed","ping_status":"closed","template":"","meta":[],"yoast_head":"<!-- This site is optimized with the Yoast SEO plugin v20.5 - https:\/\/yoast.com\/wordpress\/plugins\/seo\/ -->\n<title>Contact romana - Friends of the Hellenic Church of Bucharest<\/title>\n<meta name=\"robots\" content=\"index, follow, max-snippet:-1, max-image-preview:large, max-video-preview:-1\" \/>\n<link rel=\"canonical\" href=\"https:\/\/friendshc.org\/ro\/contact-fhc\/\" \/>\n<meta property=\"og:locale\" content=\"ro_RO\" \/>\n<meta property=\"og:type\" content=\"article\" \/>\n<meta property=\"og:title\" content=\"Contact romana - Friends of the Hellenic Church of Bucharest\" \/>\n<meta property=\"og:url\" content=\"https:\/\/friendshc.org\/ro\/contact-fhc\/\" \/>\n<meta property=\"og:site_name\" content=\"Friends of the Hellenic Church of Bucharest\" \/>\n<meta property=\"article:modified_time\" content=\"2026-02-17T16:04:53+00:00\" \/>\n<meta property=\"og:image\" content=\"http:\/\/friendshc.org\/wp-content\/uploads\/2017\/06\/Support-FHCB-icon.png\" \/>\n<meta name=\"twitter:card\" content=\"summary_large_image\" \/>\n<meta name=\"twitter:label1\" content=\"Timp estimat pentru citire\" \/>\n\t<meta name=\"twitter:data1\" content=\"2 minute\" \/>\n<script type=\"application\/ld+json\" class=\"yoast-schema-graph\">{\"@context\":\"https:\/\/schema.org\",\"@graph\":[{\"@type\":\"WebPage\",\"@id\":\"https:\/\/friendshc.org\/ro\/contact-fhc\/\",\"url\":\"https:\/\/friendshc.org\/ro\/contact-fhc\/\",\"name\":\"Contact romana - Friends of the Hellenic Church of Bucharest\",\"isPartOf\":{\"@id\":\"https:\/\/friendshc.org\/#website\"},\"datePublished\":\"2017-07-19T21:23:16+00:00\",\"dateModified\":\"2026-02-17T16:04:53+00:00\",\"breadcrumb\":{\"@id\":\"https:\/\/friendshc.org\/ro\/contact-fhc\/#breadcrumb\"},\"inLanguage\":\"ro-RO\",\"potentialAction\":[{\"@type\":\"ReadAction\",\"target\":[\"https:\/\/friendshc.org\/ro\/contact-fhc\/\"]}]},{\"@type\":\"BreadcrumbList\",\"@id\":\"https:\/\/friendshc.org\/ro\/contact-fhc\/#breadcrumb\",\"itemListElement\":[{\"@type\":\"ListItem\",\"position\":1,\"name\":\"Home\",\"item\":\"https:\/\/friendshc.org\/\"},{\"@type\":\"ListItem\",\"position\":2,\"name\":\"Contact romana\"}]},{\"@type\":\"WebSite\",\"@id\":\"https:\/\/friendshc.org\/#website\",\"url\":\"https:\/\/friendshc.org\/\",\"name\":\"Friends of the Hellenic Church of Bucharest\",\"description\":\"Nourishing the spirit that nourishes us\",\"potentialAction\":[{\"@type\":\"SearchAction\",\"target\":{\"@type\":\"EntryPoint\",\"urlTemplate\":\"https:\/\/friendshc.org\/?s={search_term_string}\"},\"query-input\":\"required name=search_term_string\"}],\"inLanguage\":\"ro-RO\"}]}<\/script>\n<!-- \/ Yoast SEO plugin. -->","yoast_head_json":{"title":"Contact romana - Friends of the Hellenic Church of Bucharest","robots":{"index":"index","follow":"follow","max-snippet":"max-snippet:-1","max-image-preview":"max-image-preview:large","max-video-preview":"max-video-preview:-1"},"canonical":"https:\/\/friendshc.org\/ro\/contact-fhc\/","og_locale":"ro_RO","og_type":"article","og_title":"Contact romana - Friends of the Hellenic Church of Bucharest","og_url":"https:\/\/friendshc.org\/ro\/contact-fhc\/","og_site_name":"Friends of the Hellenic Church of Bucharest","article_modified_time":"2026-02-17T16:04:53+00:00","og_image":[{"url":"http:\/\/friendshc.org\/wp-content\/uploads\/2017\/06\/Support-FHCB-icon.png"}],"twitter_card":"summary_large_image","twitter_misc":{"Timp estimat pentru citire":"2 minute"},"schema":{"@context":"https:\/\/schema.org","@graph":[{"@type":"WebPage","@id":"https:\/\/friendshc.org\/ro\/contact-fhc\/","url":"https:\/\/friendshc.org\/ro\/contact-fhc\/","name":"Contact romana - Friends of the Hellenic Church of Bucharest","isPartOf":{"@id":"https:\/\/friendshc.org\/#website"},"datePublished":"2017-07-19T21:23:16+00:00","dateModified":"2026-02-17T16:04:53+00:00","breadcrumb":{"@id":"https:\/\/friendshc.org\/ro\/contact-fhc\/#breadcrumb"},"inLanguage":"ro-RO","potentialAction":[{"@type":"ReadAction","target":["https:\/\/friendshc.org\/ro\/contact-fhc\/"]}]},{"@type":"BreadcrumbList","@id":"https:\/\/friendshc.org\/ro\/contact-fhc\/#breadcrumb","itemListElement":[{"@type":"ListItem","position":1,"name":"Home","item":"https:\/\/friendshc.org\/"},{"@type":"ListItem","position":2,"name":"Contact romana"}]},{"@type":"WebSite","@id":"https:\/\/friendshc.org\/#website","url":"https:\/\/friendshc.org\/","name":"Friends of the Hellenic Church of Bucharest","description":"Nourishing the spirit that nourishes us","potentialAction":[{"@type":"SearchAction","target":{"@type":"EntryPoint","urlTemplate":"https:\/\/friendshc.org\/?s={search_term_string}"},"query-input":"required name=search_term_string"}],"inLanguage":"ro-RO"}]}},"_links":{"self":[{"href":"https:\/\/friendshc.org\/ro\/wp-json\/wp\/v2\/pages\/924"}],"collection":[{"href":"https:\/\/friendshc.org\/ro\/wp-json\/wp\/v2\/pages"}],"about":[{"href":"https:\/\/friendshc.org\/ro\/wp-json\/wp\/v2\/types\/page"}],"author":[{"embeddable":true,"href":"https:\/\/friendshc.org\/ro\/wp-json\/wp\/v2\/users\/6"}],"replies":[{"embeddable":true,"href":"https:\/\/friendshc.org\/ro\/wp-json\/wp\/v2\/comments?post=924"}],"version-history":[{"count":0,"href":"https:\/\/friendshc.org\/ro\/wp-json\/wp\/v2\/pages\/924\/revisions"}],"wp:attachment":[{"href":"https:\/\/friendshc.org\/ro\/wp-json\/wp\/v2\/media?parent=924"}],"curies":[{"name":"wp","href":"https:\/\/api.w.org\/{rel}","templated":true}]}}