{"id":1193,"date":"2018-03-30T15:44:40","date_gmt":"2018-03-30T15:44:40","guid":{"rendered":"http:\/\/friendshc.org\/?page_id=1193"},"modified":"2024-02-26T14:34:40","modified_gmt":"2024-02-26T14:34:40","slug":"greek-church-bucharest-fhc-news","status":"publish","type":"page","link":"https:\/\/friendshc.org\/ro\/greek-church-bucharest-fhc-news\/","title":{"rendered":"Biserica Greaca Bunavestire FHC Stiri si Evenimente"},"content":{"rendered":"<div data-vc-full-width=\"true\" data-vc-full-width-init=\"false\" data-vc-stretch-content=\"true\" class=\"vc_row wpb_row vc_row-fluid vc_custom_1499600918137 vc_row-has-fill vc_row-no-padding\"><div class=\"wpb_column vc_column_container vc_col-sm-12\"><div class=\"vc_column-inner\"><div class=\"wpb_wrapper\"><\/div><\/div><\/div><\/div><div class=\"vc_row-full-width vc_clearfix\"><\/div><div data-vc-full-width=\"true\" data-vc-full-width-init=\"false\" data-vc-stretch-content=\"true\" class=\"vc_row wpb_row vc_row-fluid vc_row-o-content-middle vc_row-flex\"><div class=\"wpb_column vc_column_container vc_col-sm-3\"><div class=\"vc_column-inner\"><div class=\"wpb_wrapper\"><\/div><\/div><\/div><div class=\"wpb_column vc_column_container vc_col-sm-6\"><div class=\"vc_column-inner\"><div class=\"wpb_wrapper\"><h2 style=\"text-align: center\" class=\"vc_custom_heading\" >Comunitate<\/h2>\n\t<div  class=\"wpb_single_image wpb_content_element vc_align_center  vc_custom_1499522494251\">\n\t\t\n\t\t<figure class=\"wpb_wrapper vc_figure\">\n\t\t\t<div class=\"vc_single_image-wrapper   vc_box_border_grey\"><img width=\"116\" height=\"23\" src=\"https:\/\/friendshc.org\/wp-content\/uploads\/2017\/05\/Text-separator-floral-lauri.png\" class=\"vc_single_image-img attachment-full\" alt=\"\" loading=\"lazy\" title=\"Text separator floral lauri\" srcset=\"https:\/\/friendshc.org\/wp-content\/uploads\/2017\/05\/Text-separator-floral-lauri.png 116w, https:\/\/friendshc.org\/wp-content\/uploads\/2017\/05\/Text-separator-floral-lauri-50x10.png 50w\" sizes=\"(max-width: 116px) 100vw, 116px\" \/><\/div>\n\t\t<\/figure>\n\t<\/div>\n<h4 style=\"line-height: 25px;text-align: center\" class=\"vc_custom_heading vc_custom_1522424584148\" >Asocia\u0163ia Prietenilor Bisericii Elene din Bucure\u0219ti \u00eemp\u0103rt\u0103\u0219e\u0219te cu drag toate nout\u0103\u0163ile privind comunitatea noastr\u0103, evenimente \u0219i evolu\u0163ia ac\u0163iunilor de suport \u00een vederea atingerii obiectivelor FHC.<\/h4><div class=\"vc_empty_space\"   style=\"height: 32px\"><span class=\"vc_empty_space_inner\"><\/span><\/div><\/div><\/div><\/div><div class=\"wpb_column vc_column_container vc_col-sm-3\"><div class=\"vc_column-inner\"><div class=\"wpb_wrapper\"><\/div><\/div><\/div><\/div><div class=\"vc_row-full-width vc_clearfix\"><\/div><div data-vc-full-width=\"true\" data-vc-full-width-init=\"false\" class=\"vc_row wpb_row vc_row-fluid vc_custom_1521635379547 vc_row-has-fill\"><div class=\"wpb_column vc_column_container vc_col-sm-2\"><div class=\"vc_column-inner\"><div class=\"wpb_wrapper\"><\/div><\/div><\/div><div class=\"wpb_column vc_column_container vc_col-sm-4\"><div class=\"vc_column-inner\"><div class=\"wpb_wrapper\"><h4 style=\"line-height: 32px;text-align: left\" class=\"vc_custom_heading vc_custom_1708958049941\" ><a href=\"https:\/\/friendshc.org\/ro\/lucrari-de-intretinere-la-exterior-a-templului-nostru\/\">Lucrari de intretinere la exterior a Templului nostru<\/a><\/h4><p style=\"font-size: 20px;text-align: left\" class=\"vc_custom_heading vc_custom_1708958078536\" ><a href=\"https:\/\/friendshc.org\/ro\/lucrari-de-intretinere-la-exterior-a-templului-nostru\/\">Detalii<\/a><\/p><\/div><\/div><\/div><div class=\"wpb_column vc_column_container vc_col-sm-4\"><div class=\"vc_column-inner\"><div class=\"wpb_wrapper\">\n\t<div  class=\"wpb_single_image wpb_content_element vc_align_left\">\n\t\t\n\t\t<figure class=\"wpb_wrapper vc_figure\">\n\t\t\t<div class=\"vc_single_image-wrapper   vc_box_border_grey\"><img width=\"300\" height=\"135\" src=\"https:\/\/friendshc.org\/wp-content\/uploads\/2024\/02\/2-300x135.jpg\" class=\"vc_single_image-img attachment-medium\" alt=\"\" loading=\"lazy\" title=\"2\" srcset=\"https:\/\/friendshc.org\/wp-content\/uploads\/2024\/02\/2-300x135.jpg 300w, https:\/\/friendshc.org\/wp-content\/uploads\/2024\/02\/2-1024x461.jpg 1024w, https:\/\/friendshc.org\/wp-content\/uploads\/2024\/02\/2-768x346.jpg 768w, https:\/\/friendshc.org\/wp-content\/uploads\/2024\/02\/2-1536x691.jpg 1536w, https:\/\/friendshc.org\/wp-content\/uploads\/2024\/02\/2-260x117.jpg 260w, https:\/\/friendshc.org\/wp-content\/uploads\/2024\/02\/2-50x23.jpg 50w, https:\/\/friendshc.org\/wp-content\/uploads\/2024\/02\/2-150x68.jpg 150w, https:\/\/friendshc.org\/wp-content\/uploads\/2024\/02\/2.jpg 1600w\" sizes=\"(max-width: 300px) 100vw, 300px\" \/><\/div>\n\t\t<\/figure>\n\t<\/div>\n<\/div><\/div><\/div><div class=\"wpb_column vc_column_container vc_col-sm-2\"><div class=\"vc_column-inner\"><div class=\"wpb_wrapper\"><\/div><\/div><\/div><\/div><div class=\"vc_row-full-width vc_clearfix\"><\/div><!-- Row Backgrounds --><div data-vc-full-width=\"true\" data-vc-full-width-init=\"false\" class=\"vc_row wpb_row vc_row-fluid vc_custom_1521635379547 vc_row-has-fill\"><div class=\"wpb_column vc_column_container vc_col-sm-2\"><div class=\"vc_column-inner\"><div class=\"wpb_wrapper\"><\/div><\/div><\/div><div class=\"wpb_column vc_column_container vc_col-sm-4\"><div class=\"vc_column-inner\"><div class=\"wpb_wrapper\"><h4 style=\"line-height: 32px;text-align: left\" class=\"vc_custom_heading vc_custom_1708957245874\" ><a href=\"https:\/\/friendshc.org\/ro\/taierea-copacilor-in-zona-ambasadei-si-a-bisericii\/\" title=\"Taierea copacilor in zona Ambasadei si a Bisericii\">Taierea copacilor in zona Ambasadei si a Bisericii<\/a><\/h4><p style=\"font-size: 20px;text-align: left\" class=\"vc_custom_heading vc_custom_1708957254986\" ><a href=\"https:\/\/friendshc.org\/ro\/taierea-copacilor-in-zona-ambasadei-si-a-bisericii\/\">Detalii<\/a><\/p><\/div><\/div><\/div><div class=\"wpb_column vc_column_container vc_col-sm-4\"><div class=\"vc_column-inner\"><div class=\"wpb_wrapper\">\n\t<div  class=\"wpb_single_image wpb_content_element vc_align_left\">\n\t\t\n\t\t<figure class=\"wpb_wrapper vc_figure\">\n\t\t\t<div class=\"vc_single_image-wrapper   vc_box_border_grey\"><img width=\"300\" height=\"225\" src=\"https:\/\/friendshc.org\/wp-content\/uploads\/2024\/02\/1-300x225.jpg\" class=\"vc_single_image-img attachment-medium\" alt=\"\" loading=\"lazy\" title=\"1\" srcset=\"https:\/\/friendshc.org\/wp-content\/uploads\/2024\/02\/1-300x225.jpg 300w, https:\/\/friendshc.org\/wp-content\/uploads\/2024\/02\/1-768x576.jpg 768w, https:\/\/friendshc.org\/wp-content\/uploads\/2024\/02\/1-195x146.jpg 195w, https:\/\/friendshc.org\/wp-content\/uploads\/2024\/02\/1-50x38.jpg 50w, https:\/\/friendshc.org\/wp-content\/uploads\/2024\/02\/1-100x75.jpg 100w, https:\/\/friendshc.org\/wp-content\/uploads\/2024\/02\/1.jpg 1024w\" sizes=\"(max-width: 300px) 100vw, 300px\" \/><\/div>\n\t\t<\/figure>\n\t<\/div>\n<\/div><\/div><\/div><div class=\"wpb_column vc_column_container vc_col-sm-2\"><div class=\"vc_column-inner\"><div class=\"wpb_wrapper\"><\/div><\/div><\/div><\/div><div class=\"vc_row-full-width vc_clearfix\"><\/div><!-- Row Backgrounds --><div data-vc-full-width=\"true\" data-vc-full-width-init=\"false\" class=\"vc_row wpb_row vc_row-fluid vc_custom_1521635379547 vc_row-has-fill\"><div class=\"wpb_column vc_column_container vc_col-sm-2\"><div class=\"vc_column-inner\"><div class=\"wpb_wrapper\"><\/div><\/div><\/div><div class=\"wpb_column vc_column_container vc_col-sm-4\"><div class=\"vc_column-inner\"><div class=\"wpb_wrapper\"><h4 style=\"line-height: 32px;text-align: left\" class=\"vc_custom_heading vc_custom_1649847455375\" ><a href=\"https:\/\/friendshc.org\/%ce%bb%ce%b5%ce%b9%cf%84%ce%bf%cf%85%cf%81%ce%b3%ce%b9%ce%ba%ce%bf-%cf%80%cf%81%ce%bf%ce%b3%cf%81%ce%b1%ce%bc%ce%bc%ce%b1-%cf%84%ce%b7%cf%83-%ce%bc%ce%b5%ce%b3%ce%b1%ce%bb%ce%b7%cf%83-%ce%b5%ce%b2\/\" title=\"Programul liturgic al lunii aprilie 2022\">Programul liturgic al lunii aprilie 2022<\/a><\/h4><p style=\"font-size: 20px;text-align: left\" class=\"vc_custom_heading vc_custom_1649847443742\" ><a href=\"https:\/\/friendshc.org\/%ce%bb%ce%b5%ce%b9%cf%84%ce%bf%cf%85%cf%81%ce%b3%ce%b9%ce%ba%ce%bf-%cf%80%cf%81%ce%bf%ce%b3%cf%81%ce%b1%ce%bc%ce%bc%ce%b1-%cf%84%ce%b7%cf%83-%ce%bc%ce%b5%ce%b3%ce%b1%ce%bb%ce%b7%cf%83-%ce%b5%ce%b2\/\" title=\"Programul liturgic al lunii aprilie 2022\">Detalii<\/a><\/p><\/div><\/div><\/div><div class=\"wpb_column vc_column_container vc_col-sm-4\"><div class=\"vc_column-inner\"><div class=\"wpb_wrapper\">\n\t<div  class=\"wpb_single_image wpb_content_element vc_align_left\">\n\t\t\n\t\t<figure class=\"wpb_wrapper vc_figure\">\n\t\t\t<div class=\"vc_single_image-wrapper   vc_box_border_grey\"><img width=\"300\" height=\"200\" src=\"https:\/\/friendshc.org\/wp-content\/uploads\/2022\/04\/CoA-Ceiling-and-arch-1024x683-1-300x200.jpg\" class=\"vc_single_image-img attachment-medium\" alt=\"\" loading=\"lazy\" title=\"CoA-Ceiling-and-arch-1024x683\" srcset=\"https:\/\/friendshc.org\/wp-content\/uploads\/2022\/04\/CoA-Ceiling-and-arch-1024x683-1-300x200.jpg 300w, https:\/\/friendshc.org\/wp-content\/uploads\/2022\/04\/CoA-Ceiling-and-arch-1024x683-1-768x512.jpg 768w, https:\/\/friendshc.org\/wp-content\/uploads\/2022\/04\/CoA-Ceiling-and-arch-1024x683-1-219x146.jpg 219w, https:\/\/friendshc.org\/wp-content\/uploads\/2022\/04\/CoA-Ceiling-and-arch-1024x683-1-50x33.jpg 50w, https:\/\/friendshc.org\/wp-content\/uploads\/2022\/04\/CoA-Ceiling-and-arch-1024x683-1-112x75.jpg 112w, https:\/\/friendshc.org\/wp-content\/uploads\/2022\/04\/CoA-Ceiling-and-arch-1024x683-1.jpg 1024w\" sizes=\"(max-width: 300px) 100vw, 300px\" \/><\/div>\n\t\t<\/figure>\n\t<\/div>\n<\/div><\/div><\/div><div class=\"wpb_column vc_column_container vc_col-sm-2\"><div class=\"vc_column-inner\"><div class=\"wpb_wrapper\"><\/div><\/div><\/div><\/div><div class=\"vc_row-full-width vc_clearfix\"><\/div><!-- Row Backgrounds --><div data-vc-full-width=\"true\" data-vc-full-width-init=\"false\" class=\"vc_row wpb_row vc_row-fluid vc_custom_1521635379547 vc_row-has-fill\"><div class=\"wpb_column vc_column_container vc_col-sm-2\"><div class=\"vc_column-inner\"><div class=\"wpb_wrapper\"><\/div><\/div><\/div><div class=\"wpb_column vc_column_container vc_col-sm-4\"><div class=\"vc_column-inner\"><div class=\"wpb_wrapper\"><h4 style=\"line-height: 32px;text-align: left\" class=\"vc_custom_heading vc_custom_1617983612272\" ><a href=\"https:\/\/friendshc.org\/ro\/programul-liturgic-al-lunii-aprilie-2021\/\" title=\"Programul liturgic al lunii aprilie 2021\">Programul liturgic al lunii aprilie 2021<\/a><\/h4><p style=\"font-size: 20px;text-align: left\" class=\"vc_custom_heading vc_custom_1617983626384\" ><a href=\"https:\/\/friendshc.org\/ro\/programul-liturgic-al-lunii-aprilie-2021\/\" title=\"Programul liturgic al lunii aprilie 2021\">Detalii<\/a><\/p><\/div><\/div><\/div><div class=\"wpb_column vc_column_container vc_col-sm-4\"><div class=\"vc_column-inner\"><div class=\"wpb_wrapper\">\n\t<div  class=\"wpb_single_image wpb_content_element vc_align_left\">\n\t\t\n\t\t<figure class=\"wpb_wrapper vc_figure\">\n\t\t\t<div class=\"vc_single_image-wrapper   vc_box_border_grey\"><img width=\"300\" height=\"187\" src=\"https:\/\/friendshc.org\/wp-content\/uploads\/2017\/07\/The-Church-of-the-Annunciation-Bucharest-large-front-view-at-night-min-300x187.jpg\" class=\"vc_single_image-img attachment-medium\" alt=\"\" loading=\"lazy\" title=\"The Church of the Annunciation Bucharest large front view at night-min\" srcset=\"https:\/\/friendshc.org\/wp-content\/uploads\/2017\/07\/The-Church-of-the-Annunciation-Bucharest-large-front-view-at-night-min-300x187.jpg 300w, https:\/\/friendshc.org\/wp-content\/uploads\/2017\/07\/The-Church-of-the-Annunciation-Bucharest-large-front-view-at-night-min-768x478.jpg 768w, https:\/\/friendshc.org\/wp-content\/uploads\/2017\/07\/The-Church-of-the-Annunciation-Bucharest-large-front-view-at-night-min-1024x638.jpg 1024w, https:\/\/friendshc.org\/wp-content\/uploads\/2017\/07\/The-Church-of-the-Annunciation-Bucharest-large-front-view-at-night-min-234x146.jpg 234w, https:\/\/friendshc.org\/wp-content\/uploads\/2017\/07\/The-Church-of-the-Annunciation-Bucharest-large-front-view-at-night-min-50x31.jpg 50w, https:\/\/friendshc.org\/wp-content\/uploads\/2017\/07\/The-Church-of-the-Annunciation-Bucharest-large-front-view-at-night-min-120x75.jpg 120w, https:\/\/friendshc.org\/wp-content\/uploads\/2017\/07\/The-Church-of-the-Annunciation-Bucharest-large-front-view-at-night-min.jpg 1055w\" sizes=\"(max-width: 300px) 100vw, 300px\" \/><\/div>\n\t\t<\/figure>\n\t<\/div>\n<\/div><\/div><\/div><div class=\"wpb_column vc_column_container vc_col-sm-2\"><div class=\"vc_column-inner\"><div class=\"wpb_wrapper\"><\/div><\/div><\/div><\/div><div class=\"vc_row-full-width vc_clearfix\"><\/div><!-- Row Backgrounds --><div data-vc-full-width=\"true\" data-vc-full-width-init=\"false\" class=\"vc_row wpb_row vc_row-fluid vc_custom_1521635379547 vc_row-has-fill\"><div class=\"wpb_column vc_column_container vc_col-sm-2\"><div class=\"vc_column-inner\"><div class=\"wpb_wrapper\"><\/div><\/div><\/div><div class=\"wpb_column vc_column_container vc_col-sm-4\"><div class=\"vc_column-inner\"><div class=\"wpb_wrapper\"><h4 style=\"line-height: 32px;text-align: left\" class=\"vc_custom_heading vc_custom_1522424628066\" >S\u0103rb\u0103toarea Pa\u0219telui 2018.<\/h4><p style=\"font-size: 20px;text-align: left\" class=\"vc_custom_heading vc_custom_1522424655969\" ><a href=\"http:\/\/friendshc.org\/ro\/easter-2018-greek-embassy-program-and-church-of-the-annunciation-liturgy\/\">Detalii<\/a><\/p><\/div><\/div><\/div><div class=\"wpb_column vc_column_container vc_col-sm-4\"><div class=\"vc_column-inner\"><div class=\"wpb_wrapper\">\n\t<div  class=\"wpb_single_image wpb_content_element vc_align_left\">\n\t\t\n\t\t<figure class=\"wpb_wrapper vc_figure\">\n\t\t\t<div class=\"vc_single_image-wrapper   vc_box_border_grey\"><img width=\"300\" height=\"217\" src=\"https:\/\/friendshc.org\/wp-content\/uploads\/2017\/07\/The-Church-of-the-Annunciation-Bucharest-column-detail-min-300x217.jpg\" class=\"vc_single_image-img attachment-medium\" alt=\"\" loading=\"lazy\" title=\"The Church of the Annunciation Bucharest column detail-min\" srcset=\"https:\/\/friendshc.org\/wp-content\/uploads\/2017\/07\/The-Church-of-the-Annunciation-Bucharest-column-detail-min-300x217.jpg 300w, https:\/\/friendshc.org\/wp-content\/uploads\/2017\/07\/The-Church-of-the-Annunciation-Bucharest-column-detail-min-768x556.jpg 768w, https:\/\/friendshc.org\/wp-content\/uploads\/2017\/07\/The-Church-of-the-Annunciation-Bucharest-column-detail-min-1024x741.jpg 1024w, https:\/\/friendshc.org\/wp-content\/uploads\/2017\/07\/The-Church-of-the-Annunciation-Bucharest-column-detail-min-202x146.jpg 202w, https:\/\/friendshc.org\/wp-content\/uploads\/2017\/07\/The-Church-of-the-Annunciation-Bucharest-column-detail-min-50x36.jpg 50w, https:\/\/friendshc.org\/wp-content\/uploads\/2017\/07\/The-Church-of-the-Annunciation-Bucharest-column-detail-min-104x75.jpg 104w, https:\/\/friendshc.org\/wp-content\/uploads\/2017\/07\/The-Church-of-the-Annunciation-Bucharest-column-detail-min.jpg 1152w\" sizes=\"(max-width: 300px) 100vw, 300px\" \/><\/div>\n\t\t<\/figure>\n\t<\/div>\n<\/div><\/div><\/div><div class=\"wpb_column vc_column_container vc_col-sm-2\"><div class=\"vc_column-inner\"><div class=\"wpb_wrapper\"><\/div><\/div><\/div><\/div><div class=\"vc_row-full-width vc_clearfix\"><\/div><!-- Row Backgrounds --><div class=\"vc_row wpb_row vc_row-fluid vc_custom_1499932121328\"><div class=\"wpb_column vc_column_container vc_col-sm-12\"><div class=\"vc_column-inner\"><div class=\"wpb_wrapper\"><\/div><\/div><\/div><\/div><div data-vc-full-width=\"true\" data-vc-full-width-init=\"false\" data-vc-stretch-content=\"true\" class=\"vc_row wpb_row vc_row-fluid vc_custom_1499524395444 vc_row-has-fill\"><div class=\"wpb_column vc_column_container vc_col-sm-12\"><div class=\"vc_column-inner\"><div class=\"wpb_wrapper\"><div class=\"vc_row wpb_row vc_inner vc_row-fluid\"><div class=\"wpb_column vc_column_container vc_col-sm-2\"><div class=\"vc_column-inner\"><div class=\"wpb_wrapper\"><\/div><\/div><\/div><div class=\"wpb_column vc_column_container vc_col-sm-8\"><div class=\"vc_column-inner\"><div class=\"wpb_wrapper\"><h4 style=\"color: #ffffff;line-height: 28px;text-align: center\" class=\"vc_custom_heading\" ><a href=\"http:\/\/friendshc.org\/ro\/contact-fhc\/\">Pentru a afla mai multe despre priorit\u0103\u0163ile pe care FHC le are \u00een vedere pentru sus\u0163inerea Bisericii Grece\u0219ti \"Buna Vestire\" din Bucure\u0219ti, v\u0103 invit\u0103m s\u0103 ne contacta\u0163i.<\/a><\/h4><\/div><\/div><\/div><div class=\"wpb_column vc_column_container vc_col-sm-2\"><div class=\"vc_column-inner\"><div class=\"wpb_wrapper\"><\/div><\/div><\/div><\/div><\/div><\/div><\/div><\/div><div class=\"vc_row-full-width vc_clearfix\"><\/div>\n","protected":false},"excerpt":{"rendered":"Comunitate Asocia\u0163ia Prietenilor Bisericii Elene din Bucure\u0219ti \u00eemp\u0103rt\u0103\u0219e\u0219te cu drag toate nout\u0103\u0163ile privind comunitatea noastr\u0103, evenimente \u0219i evolu\u0163ia ac\u0163iunilor de suport \u00een vederea atingerii obiectivelor FHC.Lucrari<span class=\"excerpt-hellip\"> [\u2026]<\/span>","protected":false},"author":3,"featured_media":0,"parent":0,"menu_order":0,"comment_status":"closed","ping_status":"closed","template":"","meta":[],"yoast_head":"<!-- This site is optimized with the Yoast SEO plugin v20.5 - https:\/\/yoast.com\/wordpress\/plugins\/seo\/ -->\n<title>Biserica Greaca Bunavestire FHC Stiri si Evenimente - Friends of the Hellenic Church of Bucharest<\/title>\n<meta name=\"description\" content=\"Asocia\u0163ia Prietenilor Bisericii Elene din Bucure\u0219ti \u00eemp\u0103rt\u0103\u0219e\u0219te cu drag toate nout\u0103\u0163ile privind comunitatea noastr\u0103, evenimente \u0219i evolu\u0163ia ac\u0163iunilor de suport \u00een vederea atingerii obiectivelor FHC. Biserica Greaca &quot;Buna Vestire&quot;.\" \/>\n<meta name=\"robots\" content=\"index, follow, max-snippet:-1, max-image-preview:large, max-video-preview:-1\" \/>\n<link rel=\"canonical\" href=\"https:\/\/friendshc.org\/ro\/greek-church-bucharest-fhc-news\/\" \/>\n<meta property=\"og:locale\" content=\"ro_RO\" \/>\n<meta property=\"og:type\" content=\"article\" \/>\n<meta property=\"og:title\" content=\"Biserica Greaca Bunavestire FHC Stiri si Evenimente - Friends of the Hellenic Church of Bucharest\" \/>\n<meta property=\"og:description\" content=\"Asocia\u0163ia Prietenilor Bisericii Elene din Bucure\u0219ti \u00eemp\u0103rt\u0103\u0219e\u0219te cu drag toate nout\u0103\u0163ile privind comunitatea noastr\u0103, evenimente \u0219i evolu\u0163ia ac\u0163iunilor de suport \u00een vederea atingerii obiectivelor FHC. Biserica Greaca &quot;Buna Vestire&quot;.\" \/>\n<meta property=\"og:url\" content=\"https:\/\/friendshc.org\/ro\/greek-church-bucharest-fhc-news\/\" \/>\n<meta property=\"og:site_name\" content=\"Friends of the Hellenic Church of Bucharest\" \/>\n<meta property=\"article:modified_time\" content=\"2024-02-26T14:34:40+00:00\" \/>\n<meta name=\"twitter:card\" content=\"summary_large_image\" \/>\n<meta name=\"twitter:label1\" content=\"Timp estimat pentru citire\" \/>\n\t<meta name=\"twitter:data1\" content=\"1 minut\" \/>\n<script type=\"application\/ld+json\" class=\"yoast-schema-graph\">{\"@context\":\"https:\/\/schema.org\",\"@graph\":[{\"@type\":\"WebPage\",\"@id\":\"https:\/\/friendshc.org\/ro\/greek-church-bucharest-fhc-news\/\",\"url\":\"https:\/\/friendshc.org\/ro\/greek-church-bucharest-fhc-news\/\",\"name\":\"Biserica Greaca Bunavestire FHC Stiri si Evenimente - Friends of the Hellenic Church of Bucharest\",\"isPartOf\":{\"@id\":\"https:\/\/friendshc.org\/#website\"},\"datePublished\":\"2018-03-30T15:44:40+00:00\",\"dateModified\":\"2024-02-26T14:34:40+00:00\",\"description\":\"Asocia\u0163ia Prietenilor Bisericii Elene din Bucure\u0219ti \u00eemp\u0103rt\u0103\u0219e\u0219te cu drag toate nout\u0103\u0163ile privind comunitatea noastr\u0103, evenimente \u0219i evolu\u0163ia ac\u0163iunilor de suport \u00een vederea atingerii obiectivelor FHC. Biserica Greaca \\\"Buna Vestire\\\".\",\"breadcrumb\":{\"@id\":\"https:\/\/friendshc.org\/ro\/greek-church-bucharest-fhc-news\/#breadcrumb\"},\"inLanguage\":\"ro-RO\",\"potentialAction\":[{\"@type\":\"ReadAction\",\"target\":[\"https:\/\/friendshc.org\/ro\/greek-church-bucharest-fhc-news\/\"]}]},{\"@type\":\"BreadcrumbList\",\"@id\":\"https:\/\/friendshc.org\/ro\/greek-church-bucharest-fhc-news\/#breadcrumb\",\"itemListElement\":[{\"@type\":\"ListItem\",\"position\":1,\"name\":\"Home\",\"item\":\"https:\/\/friendshc.org\/\"},{\"@type\":\"ListItem\",\"position\":2,\"name\":\"Biserica Greaca Bunavestire FHC Stiri si Evenimente\"}]},{\"@type\":\"WebSite\",\"@id\":\"https:\/\/friendshc.org\/#website\",\"url\":\"https:\/\/friendshc.org\/\",\"name\":\"Friends of the Hellenic Church of Bucharest\",\"description\":\"Nourishing the spirit that nourishes us\",\"potentialAction\":[{\"@type\":\"SearchAction\",\"target\":{\"@type\":\"EntryPoint\",\"urlTemplate\":\"https:\/\/friendshc.org\/?s={search_term_string}\"},\"query-input\":\"required name=search_term_string\"}],\"inLanguage\":\"ro-RO\"}]}<\/script>\n<!-- \/ Yoast SEO plugin. -->","yoast_head_json":{"title":"Biserica Greaca Bunavestire FHC Stiri si Evenimente - Friends of the Hellenic Church of Bucharest","description":"Asocia\u0163ia Prietenilor Bisericii Elene din Bucure\u0219ti \u00eemp\u0103rt\u0103\u0219e\u0219te cu drag toate nout\u0103\u0163ile privind comunitatea noastr\u0103, evenimente \u0219i evolu\u0163ia ac\u0163iunilor de suport \u00een vederea atingerii obiectivelor FHC. Biserica Greaca \"Buna Vestire\".","robots":{"index":"index","follow":"follow","max-snippet":"max-snippet:-1","max-image-preview":"max-image-preview:large","max-video-preview":"max-video-preview:-1"},"canonical":"https:\/\/friendshc.org\/ro\/greek-church-bucharest-fhc-news\/","og_locale":"ro_RO","og_type":"article","og_title":"Biserica Greaca Bunavestire FHC Stiri si Evenimente - Friends of the Hellenic Church of Bucharest","og_description":"Asocia\u0163ia Prietenilor Bisericii Elene din Bucure\u0219ti \u00eemp\u0103rt\u0103\u0219e\u0219te cu drag toate nout\u0103\u0163ile privind comunitatea noastr\u0103, evenimente \u0219i evolu\u0163ia ac\u0163iunilor de suport \u00een vederea atingerii obiectivelor FHC. Biserica Greaca \"Buna Vestire\".","og_url":"https:\/\/friendshc.org\/ro\/greek-church-bucharest-fhc-news\/","og_site_name":"Friends of the Hellenic Church of Bucharest","article_modified_time":"2024-02-26T14:34:40+00:00","twitter_card":"summary_large_image","twitter_misc":{"Timp estimat pentru citire":"1 minut"},"schema":{"@context":"https:\/\/schema.org","@graph":[{"@type":"WebPage","@id":"https:\/\/friendshc.org\/ro\/greek-church-bucharest-fhc-news\/","url":"https:\/\/friendshc.org\/ro\/greek-church-bucharest-fhc-news\/","name":"Biserica Greaca Bunavestire FHC Stiri si Evenimente - Friends of the Hellenic Church of Bucharest","isPartOf":{"@id":"https:\/\/friendshc.org\/#website"},"datePublished":"2018-03-30T15:44:40+00:00","dateModified":"2024-02-26T14:34:40+00:00","description":"Asocia\u0163ia Prietenilor Bisericii Elene din Bucure\u0219ti \u00eemp\u0103rt\u0103\u0219e\u0219te cu drag toate nout\u0103\u0163ile privind comunitatea noastr\u0103, evenimente \u0219i evolu\u0163ia ac\u0163iunilor de suport \u00een vederea atingerii obiectivelor FHC. Biserica Greaca \"Buna Vestire\".","breadcrumb":{"@id":"https:\/\/friendshc.org\/ro\/greek-church-bucharest-fhc-news\/#breadcrumb"},"inLanguage":"ro-RO","potentialAction":[{"@type":"ReadAction","target":["https:\/\/friendshc.org\/ro\/greek-church-bucharest-fhc-news\/"]}]},{"@type":"BreadcrumbList","@id":"https:\/\/friendshc.org\/ro\/greek-church-bucharest-fhc-news\/#breadcrumb","itemListElement":[{"@type":"ListItem","position":1,"name":"Home","item":"https:\/\/friendshc.org\/"},{"@type":"ListItem","position":2,"name":"Biserica Greaca Bunavestire FHC Stiri si Evenimente"}]},{"@type":"WebSite","@id":"https:\/\/friendshc.org\/#website","url":"https:\/\/friendshc.org\/","name":"Friends of the Hellenic Church of Bucharest","description":"Nourishing the spirit that nourishes us","potentialAction":[{"@type":"SearchAction","target":{"@type":"EntryPoint","urlTemplate":"https:\/\/friendshc.org\/?s={search_term_string}"},"query-input":"required name=search_term_string"}],"inLanguage":"ro-RO"}]}},"_links":{"self":[{"href":"https:\/\/friendshc.org\/ro\/wp-json\/wp\/v2\/pages\/1193"}],"collection":[{"href":"https:\/\/friendshc.org\/ro\/wp-json\/wp\/v2\/pages"}],"about":[{"href":"https:\/\/friendshc.org\/ro\/wp-json\/wp\/v2\/types\/page"}],"author":[{"embeddable":true,"href":"https:\/\/friendshc.org\/ro\/wp-json\/wp\/v2\/users\/3"}],"replies":[{"embeddable":true,"href":"https:\/\/friendshc.org\/ro\/wp-json\/wp\/v2\/comments?post=1193"}],"version-history":[{"count":0,"href":"https:\/\/friendshc.org\/ro\/wp-json\/wp\/v2\/pages\/1193\/revisions"}],"wp:attachment":[{"href":"https:\/\/friendshc.org\/ro\/wp-json\/wp\/v2\/media?parent=1193"}],"curies":[{"name":"wp","href":"https:\/\/api.w.org\/{rel}","templated":true}]}}